{"id":408698,"date":"2025-08-18T17:23:30","date_gmt":"2025-08-18T17:23:30","guid":{"rendered":"https:\/\/raktoras.lt\/product\/bakelis-pneumatinis-konsistenciniam-tepalui-12kg\/"},"modified":"2025-10-21T00:00:09","modified_gmt":"2025-10-21T00:00:09","slug":"bakelis-pneumatinis-konsistenciniam-tepalui-12kg","status":"publish","type":"product","link":"https:\/\/raktoras.lt\/ru\/product\/bakelis-pneumatinis-konsistenciniam-tepalui-12kg\/","title":{"rendered":"Bakelis pneumatinis konsistenciniam tepalui 12kg"},"content":{"rendered":"<p>Bakelio talpa 12kg<br \/>\n\u017darna 6m x \u00d86 mm<br \/>\nSl\u0117gio santykis 50:1<br \/>\nDarbinis sl\u0117gis 30-40 MPa<br \/>\nOro sl\u0117gis 0.6 -0.8 MPa<br \/>\nNa\u0161umas 0.85 l\/min<br \/>\nSvoris 16.5 kg<br \/>\nPakuot\u0117s matmenys 320 x 350 x 850 mm<\/p>","protected":false},"excerpt":{"rendered":"<p>Bakelio talpa 12kg \u017darna 6m x \u00d86 mm Sl\u0117gio santykis 50:1 Darbinis sl\u0117gis 30-40 MPa Oro sl\u0117gis 0.6 -0.8 MPa Na\u0161umas 0.85 l\/min Svoris 16.5 kg Pakuot\u0117s matmenys 320 x<\/p>","protected":false},"featured_media":416269,"comment_status":"closed","ping_status":"closed","template":"","meta":[],"product_cat":[11129,10287,11154],"product_tag":[],"class_list":{"0":"post-408698","1":"product","2":"type-product","3":"status-publish","4":"has-post-thumbnail","6":"product_cat-alyvos-keitimas-tepimo-irankiai-prekiu-katalogas","7":"product_cat-prekiu-katalogas","8":"product_cat-tepalo-isdavimo-surinkimo-talpos-alyvos-keitimas-tepimo-irankiai-prekiu-katalogas","10":"first","11":"instock","12":"purchasable","13":"product-type-simple"},"jetpack_sharing_enabled":true,"_links":{"self":[{"href":"https:\/\/raktoras.lt\/ru\/wp-json\/wp\/v2\/product\/408698","targetHints":{"allow":["GET"]}}],"collection":[{"href":"https:\/\/raktoras.lt\/ru\/wp-json\/wp\/v2\/product"}],"about":[{"href":"https:\/\/raktoras.lt\/ru\/wp-json\/wp\/v2\/types\/product"}],"replies":[{"embeddable":true,"href":"https:\/\/raktoras.lt\/ru\/wp-json\/wp\/v2\/comments?post=408698"}],"version-history":[{"count":2,"href":"https:\/\/raktoras.lt\/ru\/wp-json\/wp\/v2\/product\/408698\/revisions"}],"predecessor-version":[{"id":420779,"href":"https:\/\/raktoras.lt\/ru\/wp-json\/wp\/v2\/product\/408698\/revisions\/420779"}],"wp:featuredmedia":[{"embeddable":true,"href":"https:\/\/raktoras.lt\/ru\/wp-json\/wp\/v2\/media\/416269"}],"wp:attachment":[{"href":"https:\/\/raktoras.lt\/ru\/wp-json\/wp\/v2\/media?parent=408698"}],"wp:term":[{"taxonomy":"product_cat","embeddable":true,"href":"https:\/\/raktoras.lt\/ru\/wp-json\/wp\/v2\/product_cat?post=408698"},{"taxonomy":"product_tag","embeddable":true,"href":"https:\/\/raktoras.lt\/ru\/wp-json\/wp\/v2\/product_tag?post=408698"}],"curies":[{"name":"wp","href":"https:\/\/api.w.org\/{rel}","templated":true}]}}