{"id":408708,"date":"2025-08-18T17:23:30","date_gmt":"2025-08-18T17:23:30","guid":{"rendered":"https:\/\/raktoras.lt\/product\/rankine-traukimo-gerve-1100kg\/"},"modified":"2025-11-17T16:46:41","modified_gmt":"2025-11-17T16:46:41","slug":"rankine-traukimo-gerve-1100kg","status":"publish","type":"product","link":"https:\/\/raktoras.lt\/ru\/product\/rankine-traukimo-gerve-1100kg\/","title":{"rendered":"Rankin\u0117 traukimo gerv\u0117 1100kg"},"content":{"rendered":"<p>Traukimo j\u0117ga 2500 lbs \/ 1100 kg<br \/>\nDir\u017eas 2.0 mm x 50 mm x 8 m<br \/>\nKrumpliara\u010diai 4.1:1 ir 9.8:1<br \/>\nMatmenys 540 x 310 x 220 mm<br \/>\nSvoris 5.1 kg<\/p>","protected":false},"excerpt":{"rendered":"<p>Traukimo j\u0117ga 2500 lbs \/ 1100 kg Dir\u017eas 2.0 mm x 50 mm x 8 m Krumpliara\u010diai 4.1:1 ir 9.8:1 Matmenys 540 x 310 x 220 mm Svoris 5.1 kg<\/p>","protected":false},"featured_media":416274,"comment_status":"closed","ping_status":"closed","template":"","meta":[],"product_cat":[11127,10287,11155],"product_tag":[],"class_list":{"0":"post-408708","1":"product","2":"type-product","3":"status-publish","4":"has-post-thumbnail","6":"product_cat-kelimo-traukimo-iranga-priedai-prekiu-katalogas","7":"product_cat-prekiu-katalogas","8":"product_cat-rankines-traukimo-gerves-trosiniai-traukikliai-kelimo-traukimo-iranga-priedai-prekiu-katalogas","10":"first","11":"instock","12":"purchasable","13":"product-type-simple"},"jetpack_sharing_enabled":true,"_links":{"self":[{"href":"https:\/\/raktoras.lt\/ru\/wp-json\/wp\/v2\/product\/408708","targetHints":{"allow":["GET"]}}],"collection":[{"href":"https:\/\/raktoras.lt\/ru\/wp-json\/wp\/v2\/product"}],"about":[{"href":"https:\/\/raktoras.lt\/ru\/wp-json\/wp\/v2\/types\/product"}],"replies":[{"embeddable":true,"href":"https:\/\/raktoras.lt\/ru\/wp-json\/wp\/v2\/comments?post=408708"}],"version-history":[{"count":2,"href":"https:\/\/raktoras.lt\/ru\/wp-json\/wp\/v2\/product\/408708\/revisions"}],"predecessor-version":[{"id":420782,"href":"https:\/\/raktoras.lt\/ru\/wp-json\/wp\/v2\/product\/408708\/revisions\/420782"}],"wp:featuredmedia":[{"embeddable":true,"href":"https:\/\/raktoras.lt\/ru\/wp-json\/wp\/v2\/media\/416274"}],"wp:attachment":[{"href":"https:\/\/raktoras.lt\/ru\/wp-json\/wp\/v2\/media?parent=408708"}],"wp:term":[{"taxonomy":"product_cat","embeddable":true,"href":"https:\/\/raktoras.lt\/ru\/wp-json\/wp\/v2\/product_cat?post=408708"},{"taxonomy":"product_tag","embeddable":true,"href":"https:\/\/raktoras.lt\/ru\/wp-json\/wp\/v2\/product_tag?post=408708"}],"curies":[{"name":"wp","href":"https:\/\/api.w.org\/{rel}","templated":true}]}}