{"id":408726,"date":"2025-08-18T17:23:30","date_gmt":"2025-08-18T17:23:30","guid":{"rendered":"https:\/\/raktoras.lt\/product\/stumimo-cilindras-20t-150mm\/"},"modified":"2025-10-06T15:18:22","modified_gmt":"2025-10-06T15:18:22","slug":"stumimo-cilindras-20t-150mm","status":"publish","type":"product","link":"https:\/\/raktoras.lt\/ru\/product\/stumimo-cilindras-20t-150mm\/","title":{"rendered":"St\u016bmimo cilindras 20t (150mm)"},"content":{"rendered":"<p>Galingumas 20 t<br \/>\nEiga 150 mm<br \/>\nMin auk\u0161tis 276 mm<br \/>\nI\u0161orinis \u00d8 76 mm<br \/>\nVidinis \u00d8 60 mm<br \/>\nCilindro \u00d8 48 mm<br \/>\nDarbinis sl\u0117gis 69.4 Mpa<br \/>\nJungtis 1\/4&#8243; &#8211; 13\/16&#8243;<\/p>\n<p>D\u0117mesio! Cilindro maksimalios eigos riba pa\u017eym\u0117ta ant st\u016bmoklio raudona linija. St\u016bmoklis negali kilti auk\u0161\u010diau \u0161ios linijos<\/p>","protected":false},"excerpt":{"rendered":"<p><strong>\u00a0D\u0117mesio! Cilindro maksimalios eigos riba pa\u017eym\u0117ta ant st\u016bmoklio raudona linija. St\u016bmoklis negali kilti auk\u0161\u010diau \u0161ios linijos<\/strong><\/p>","protected":false},"featured_media":416283,"comment_status":"closed","ping_status":"closed","template":"","meta":[],"product_cat":[11131,11159,10287],"product_tag":[],"class_list":{"0":"post-408726","1":"product","2":"type-product","3":"status-publish","4":"has-post-thumbnail","6":"product_brand-tongli","7":"product_cat-hidrauline-iranga-prekiu-katalogas","8":"product_cat-hidrauliniai-cilindrai-hidrauline-iranga-prekiu-katalogas","9":"product_cat-prekiu-katalogas","11":"first","12":"instock","13":"purchasable","14":"product-type-simple"},"jetpack_sharing_enabled":true,"_links":{"self":[{"href":"https:\/\/raktoras.lt\/ru\/wp-json\/wp\/v2\/product\/408726","targetHints":{"allow":["GET"]}}],"collection":[{"href":"https:\/\/raktoras.lt\/ru\/wp-json\/wp\/v2\/product"}],"about":[{"href":"https:\/\/raktoras.lt\/ru\/wp-json\/wp\/v2\/types\/product"}],"replies":[{"embeddable":true,"href":"https:\/\/raktoras.lt\/ru\/wp-json\/wp\/v2\/comments?post=408726"}],"version-history":[{"count":2,"href":"https:\/\/raktoras.lt\/ru\/wp-json\/wp\/v2\/product\/408726\/revisions"}],"predecessor-version":[{"id":420791,"href":"https:\/\/raktoras.lt\/ru\/wp-json\/wp\/v2\/product\/408726\/revisions\/420791"}],"wp:featuredmedia":[{"embeddable":true,"href":"https:\/\/raktoras.lt\/ru\/wp-json\/wp\/v2\/media\/416283"}],"wp:attachment":[{"href":"https:\/\/raktoras.lt\/ru\/wp-json\/wp\/v2\/media?parent=408726"}],"wp:term":[{"taxonomy":"product_cat","embeddable":true,"href":"https:\/\/raktoras.lt\/ru\/wp-json\/wp\/v2\/product_cat?post=408726"},{"taxonomy":"product_tag","embeddable":true,"href":"https:\/\/raktoras.lt\/ru\/wp-json\/wp\/v2\/product_tag?post=408726"}],"curies":[{"name":"wp","href":"https:\/\/api.w.org\/{rel}","templated":true}]}}