{"id":408776,"date":"2025-08-18T17:23:45","date_gmt":"2025-08-18T17:23:45","guid":{"rendered":"https:\/\/raktoras.lt\/product\/hidraulinis-presas-su-manometru-12t\/"},"modified":"2025-10-06T15:28:10","modified_gmt":"2025-10-06T15:28:10","slug":"hidraulinis-presas-su-manometru-12t","status":"publish","type":"product","link":"https:\/\/raktoras.lt\/ru\/product\/hidraulinis-presas-su-manometru-12t\/","title":{"rendered":"Hidraulinis presas su manometru 12t"},"content":{"rendered":"<p>Galia 12 t<br \/>\n\tCilindro eiga 175 mm<br \/>\n\tDarbin\u0117 zona 0 &#8211; 300 mm<br \/>\n\tValdymas rankinis<br \/>\n\tCilindro pad\u0117tis gali b\u016bti kei\u010diama<br \/>\n\tIntegruota st\u016bmoklio gr\u0105\u017einimo spyruokl\u0117<br \/>\n\tGabaritiniai matmenys 785 x 500 x 1060 mm<br \/>\n\tPakuot\u0117s matmenys 780 x 420 x 160 mm<br \/>\n\tSvoris 63 kg<br \/>\n\tCE atitiktis<\/p>\n<p><strong>Prie\u0161 prad\u0117dami naudotis presu, b\u016btinai atlaisvinkite hidraulin\u0117s pompos alsuoklio var\u017et\u0105!&nbsp;<\/strong><\/p>","protected":false},"excerpt":{"rendered":"<p>Galia 12 t Cilindro eiga 175 mm Darbin\u0117 zona 0 &#8211; 300 mm Valdymas rankinis Cilindro pad\u0117tis gali b\u016bti kei\u010diama Integruota st\u016bmoklio gr\u0105\u017einimo spyruokl\u0117 Gabaritiniai matmenys 785 x 500 x<\/p>","protected":false},"featured_media":416308,"comment_status":"closed","ping_status":"open","template":"","meta":[],"product_cat":[11131,11132,10287],"product_tag":[],"class_list":{"0":"post-408776","1":"product","2":"type-product","3":"status-publish","4":"has-post-thumbnail","6":"product_brand-tongrun","7":"product_cat-hidrauline-iranga-prekiu-katalogas","8":"product_cat-hidrauliniai-presai","9":"product_cat-prekiu-katalogas","11":"first","12":"instock","13":"purchasable","14":"product-type-simple"},"jetpack_sharing_enabled":true,"_links":{"self":[{"href":"https:\/\/raktoras.lt\/ru\/wp-json\/wp\/v2\/product\/408776","targetHints":{"allow":["GET"]}}],"collection":[{"href":"https:\/\/raktoras.lt\/ru\/wp-json\/wp\/v2\/product"}],"about":[{"href":"https:\/\/raktoras.lt\/ru\/wp-json\/wp\/v2\/types\/product"}],"replies":[{"embeddable":true,"href":"https:\/\/raktoras.lt\/ru\/wp-json\/wp\/v2\/comments?post=408776"}],"version-history":[{"count":1,"href":"https:\/\/raktoras.lt\/ru\/wp-json\/wp\/v2\/product\/408776\/revisions"}],"predecessor-version":[{"id":408777,"href":"https:\/\/raktoras.lt\/ru\/wp-json\/wp\/v2\/product\/408776\/revisions\/408777"}],"wp:featuredmedia":[{"embeddable":true,"href":"https:\/\/raktoras.lt\/ru\/wp-json\/wp\/v2\/media\/416308"}],"wp:attachment":[{"href":"https:\/\/raktoras.lt\/ru\/wp-json\/wp\/v2\/media?parent=408776"}],"wp:term":[{"taxonomy":"product_cat","embeddable":true,"href":"https:\/\/raktoras.lt\/ru\/wp-json\/wp\/v2\/product_cat?post=408776"},{"taxonomy":"product_tag","embeddable":true,"href":"https:\/\/raktoras.lt\/ru\/wp-json\/wp\/v2\/product_tag?post=408776"}],"curies":[{"name":"wp","href":"https:\/\/api.w.org\/{rel}","templated":true}]}}