{"id":408820,"date":"2025-08-18T17:23:54","date_gmt":"2025-08-18T17:23:54","guid":{"rendered":"https:\/\/raktoras.lt\/product\/pneumatinis-hidraulinis-presas-su-manometru-40t\/"},"modified":"2025-10-06T15:41:52","modified_gmt":"2025-10-06T15:41:52","slug":"pneumatinis-hidraulinis-presas-su-manometru-40t","status":"publish","type":"product","link":"https:\/\/raktoras.lt\/ru\/product\/pneumatinis-hidraulinis-presas-su-manometru-40t\/","title":{"rendered":"Pneumatinis \/ hidraulinis presas su manometru 40t"},"content":{"rendered":"<p>Galia 40 t<br \/>\n\tEiga 230 mm<br \/>\n\tDarbin\u0117 zona 0 &#8211; 860 mm<br \/>\n\tValdymas pneumatinis ir rankinis<br \/>\n\tIntegruota st\u016bmoklio gr\u0105\u017einimo spyruokl\u0117<br \/>\n\tGerve reguliuojama preso darbin\u0117 zona<br \/>\n\tOro sl\u0117gis 8.5 bar<br \/>\n\tDarbinis sl\u0117gis 620 bar<br \/>\n\tPakuot\u0117s matmenys 1860 x 390 x 950 mm<br \/>\n\tSvoris 210 kg<br \/>\n\tCE atitiktis<\/p>\n<p><strong>Prie\u0161 prad\u0117dami naudotis presu, b\u016btinai atlaisvinkite hidraulin\u0117s pompos alsuoklio var\u017et\u0105!&nbsp;<\/strong><\/p>","protected":false},"excerpt":{"rendered":"<p>Galia 40 t Eiga 230 mm Darbin\u0117 zona 0 &#8211; 860 mm Valdymas pneumatinis ir rankinis Integruota st\u016bmoklio gr\u0105\u017einimo spyruokl\u0117 Gerve reguliuojama preso darbin\u0117 zona Oro sl\u0117gis 8.5 bar Darbinis<\/p>","protected":false},"featured_media":416330,"comment_status":"closed","ping_status":"open","template":"","meta":[],"product_cat":[11131,11132,10287],"product_tag":[],"class_list":{"0":"post-408820","1":"product","2":"type-product","3":"status-publish","4":"has-post-thumbnail","6":"product_brand-tongli","7":"product_cat-hidrauline-iranga-prekiu-katalogas","8":"product_cat-hidrauliniai-presai","9":"product_cat-prekiu-katalogas","11":"first","12":"instock","13":"purchasable","14":"product-type-simple"},"jetpack_sharing_enabled":true,"_links":{"self":[{"href":"https:\/\/raktoras.lt\/ru\/wp-json\/wp\/v2\/product\/408820","targetHints":{"allow":["GET"]}}],"collection":[{"href":"https:\/\/raktoras.lt\/ru\/wp-json\/wp\/v2\/product"}],"about":[{"href":"https:\/\/raktoras.lt\/ru\/wp-json\/wp\/v2\/types\/product"}],"replies":[{"embeddable":true,"href":"https:\/\/raktoras.lt\/ru\/wp-json\/wp\/v2\/comments?post=408820"}],"version-history":[{"count":1,"href":"https:\/\/raktoras.lt\/ru\/wp-json\/wp\/v2\/product\/408820\/revisions"}],"predecessor-version":[{"id":408821,"href":"https:\/\/raktoras.lt\/ru\/wp-json\/wp\/v2\/product\/408820\/revisions\/408821"}],"wp:featuredmedia":[{"embeddable":true,"href":"https:\/\/raktoras.lt\/ru\/wp-json\/wp\/v2\/media\/416330"}],"wp:attachment":[{"href":"https:\/\/raktoras.lt\/ru\/wp-json\/wp\/v2\/media?parent=408820"}],"wp:term":[{"taxonomy":"product_cat","embeddable":true,"href":"https:\/\/raktoras.lt\/ru\/wp-json\/wp\/v2\/product_cat?post=408820"},{"taxonomy":"product_tag","embeddable":true,"href":"https:\/\/raktoras.lt\/ru\/wp-json\/wp\/v2\/product_tag?post=408820"}],"curies":[{"name":"wp","href":"https:\/\/api.w.org\/{rel}","templated":true}]}}