{"id":408960,"date":"2025-08-18T17:24:29","date_gmt":"2025-08-18T17:24:29","guid":{"rendered":"https:\/\/raktoras.lt\/product\/panardinama-dyzelino-pompa-o38mm\/"},"modified":"2025-11-17T15:34:07","modified_gmt":"2025-11-17T15:34:07","slug":"panardinama-dyzelino-pompa-o38mm","status":"publish","type":"product","link":"https:\/\/raktoras.lt\/ru\/product\/panardinama-dyzelino-pompa-o38mm\/","title":{"rendered":"Panardinama dyzelino pompa \u00d838mm"},"content":{"rendered":"<p>Pompa skirta dyzelino, biodyzelino ir \u017eibalo perpumpavimui<br \/>\n\tGalingumas 30 W<br \/>\n\tSrov\u0117 7 A<br \/>\n\tNa\u0161umas 15 l\/min<br \/>\n\tMax atidavimo \u017earnos L = 3 m<br \/>\n\tApsisukim\u0173 skai\u010dius tu\u0161\u010di\u0105ja eiga 4500 aps.\/min<br \/>\n\tNominali srov\u0117 0.4 A<br \/>\n\tI\u0161orinis &Oslash; 38 mm<br \/>\n\tI\u0161\u0117jimo &Oslash; 19 mm<br \/>\n\tLaidas 2.3 m ir gnybtai<br \/>\n\tDarbo ciklas 15 min.<br \/>\n\tSvoris 0.50 kg<\/p>","protected":false},"excerpt":{"rendered":"<p>Pompa skirta dyzelino, biodyzelino ir \u017eibalo perpumpavimui Galingumas 30 W Srov\u0117 7 A Na\u0161umas 15 l\/min Max atidavimo \u017earnos L = 3 m Apsisukim\u0173 skai\u010dius tu\u0161\u010di\u0105ja eiga 4500 aps.\/min Nominali<\/p>","protected":false},"featured_media":416400,"comment_status":"closed","ping_status":"closed","template":"","meta":[],"product_cat":[11129,10287,11133],"product_tag":[],"class_list":{"0":"post-408960","1":"product","2":"type-product","3":"status-publish","4":"has-post-thumbnail","6":"product_brand-aocheng","7":"product_cat-alyvos-keitimas-tepimo-irankiai-prekiu-katalogas","8":"product_cat-prekiu-katalogas","9":"product_cat-tepalo-skysciu-pompos-kuro-siurbliai-alyvos-keitimas-tepimo-irankiai-prekiu-katalogas","10":"pa_parametrai-12v","12":"first","13":"instock","14":"purchasable","15":"product-type-simple"},"jetpack_sharing_enabled":true,"_links":{"self":[{"href":"https:\/\/raktoras.lt\/ru\/wp-json\/wp\/v2\/product\/408960","targetHints":{"allow":["GET"]}}],"collection":[{"href":"https:\/\/raktoras.lt\/ru\/wp-json\/wp\/v2\/product"}],"about":[{"href":"https:\/\/raktoras.lt\/ru\/wp-json\/wp\/v2\/types\/product"}],"replies":[{"embeddable":true,"href":"https:\/\/raktoras.lt\/ru\/wp-json\/wp\/v2\/comments?post=408960"}],"version-history":[{"count":1,"href":"https:\/\/raktoras.lt\/ru\/wp-json\/wp\/v2\/product\/408960\/revisions"}],"predecessor-version":[{"id":408961,"href":"https:\/\/raktoras.lt\/ru\/wp-json\/wp\/v2\/product\/408960\/revisions\/408961"}],"wp:featuredmedia":[{"embeddable":true,"href":"https:\/\/raktoras.lt\/ru\/wp-json\/wp\/v2\/media\/416400"}],"wp:attachment":[{"href":"https:\/\/raktoras.lt\/ru\/wp-json\/wp\/v2\/media?parent=408960"}],"wp:term":[{"taxonomy":"product_cat","embeddable":true,"href":"https:\/\/raktoras.lt\/ru\/wp-json\/wp\/v2\/product_cat?post=408960"},{"taxonomy":"product_tag","embeddable":true,"href":"https:\/\/raktoras.lt\/ru\/wp-json\/wp\/v2\/product_tag?post=408960"}],"curies":[{"name":"wp","href":"https:\/\/api.w.org\/{rel}","templated":true}]}}