{"id":408966,"date":"2025-08-18T17:24:29","date_gmt":"2025-08-18T17:24:29","guid":{"rendered":"https:\/\/raktoras.lt\/product\/hidrauline-stotele-dvipusio-veikimo-750w\/"},"modified":"2025-10-14T18:04:21","modified_gmt":"2025-10-14T18:04:21","slug":"hidrauline-stotele-dvipusio-veikimo-750w","status":"publish","type":"product","link":"https:\/\/raktoras.lt\/ru\/product\/hidrauline-stotele-dvipusio-veikimo-750w\/","title":{"rendered":"Hidraulin\u0117 stotel\u0117 dvipusio veikimo 750W"},"content":{"rendered":"<p>Galingumas 750 W<br \/>\n\tTepalo talpa 7 l<br \/>\n\tTepalo tek\u0117jimo greitis su apkrova 0.9-5 l\/min<br \/>\n\tMax darbinis sl\u0117gis 70 Mpa<br \/>\n\tApsisukim\u0173 skai\u010dius 1400 aps\/min<br \/>\n\tMatmenys 360 x 285 x 480 mm<br \/>\n\tSvoris 23 kg<\/p>","protected":false},"excerpt":{"rendered":"<p>Galingumas 750 W Tepalo talpa 7 l Tepalo tek\u0117jimo greitis su apkrova 0.9-5 l\/min Max darbinis sl\u0117gis 70 Mpa Apsisukim\u0173 skai\u010dius 1400 aps\/min Matmenys 360 x 285 x 480 mm<\/p>","protected":false},"featured_media":416403,"comment_status":"closed","ping_status":"open","template":"","meta":[],"product_cat":[11131,11158,10287],"product_tag":[],"class_list":{"0":"post-408966","1":"product","2":"type-product","3":"status-publish","4":"has-post-thumbnail","6":"product_cat-hidrauline-iranga-prekiu-katalogas","7":"product_cat-hidraulines-pompos-hidraulines-stoteles-hidrauline-iranga-prekiu-katalogas","8":"product_cat-prekiu-katalogas","10":"first","11":"instock","12":"purchasable","13":"product-type-simple"},"jetpack_sharing_enabled":true,"_links":{"self":[{"href":"https:\/\/raktoras.lt\/ru\/wp-json\/wp\/v2\/product\/408966","targetHints":{"allow":["GET"]}}],"collection":[{"href":"https:\/\/raktoras.lt\/ru\/wp-json\/wp\/v2\/product"}],"about":[{"href":"https:\/\/raktoras.lt\/ru\/wp-json\/wp\/v2\/types\/product"}],"replies":[{"embeddable":true,"href":"https:\/\/raktoras.lt\/ru\/wp-json\/wp\/v2\/comments?post=408966"}],"version-history":[{"count":1,"href":"https:\/\/raktoras.lt\/ru\/wp-json\/wp\/v2\/product\/408966\/revisions"}],"predecessor-version":[{"id":408967,"href":"https:\/\/raktoras.lt\/ru\/wp-json\/wp\/v2\/product\/408966\/revisions\/408967"}],"wp:featuredmedia":[{"embeddable":true,"href":"https:\/\/raktoras.lt\/ru\/wp-json\/wp\/v2\/media\/416403"}],"wp:attachment":[{"href":"https:\/\/raktoras.lt\/ru\/wp-json\/wp\/v2\/media?parent=408966"}],"wp:term":[{"taxonomy":"product_cat","embeddable":true,"href":"https:\/\/raktoras.lt\/ru\/wp-json\/wp\/v2\/product_cat?post=408966"},{"taxonomy":"product_tag","embeddable":true,"href":"https:\/\/raktoras.lt\/ru\/wp-json\/wp\/v2\/product_tag?post=408966"}],"curies":[{"name":"wp","href":"https:\/\/api.w.org\/{rel}","templated":true}]}}