{"id":408970,"date":"2025-08-18T17:24:29","date_gmt":"2025-08-18T17:24:29","guid":{"rendered":"https:\/\/raktoras.lt\/product\/hidrauline-kojine-pompa-700cc-su-zarna\/"},"modified":"2025-10-14T18:04:21","modified_gmt":"2025-10-14T18:04:21","slug":"hidrauline-kojine-pompa-700cc-su-zarna","status":"publish","type":"product","link":"https:\/\/raktoras.lt\/ru\/product\/hidrauline-kojine-pompa-700cc-su-zarna\/","title":{"rendered":"Hidraulin\u0117 kojin\u0117 pompa 700cc su \u017earna"},"content":{"rendered":"<p>Tepalo talpa 700 cc<br \/>\n\tTepalo tek\u0117jimo greitis su apkrova 2.3 l\/min<br \/>\n\tMax darbinis sl\u0117gis 70 Mpa<br \/>\n\tMatmenys 620x220x280 mm<br \/>\n\tSvoris 15 kg<\/p>\n<p>\tValdymas kojinis<\/p>","protected":false},"excerpt":{"rendered":"<p>Tepalo talpa 700 cc Tepalo tek\u0117jimo greitis su apkrova 2.3 l\/min Max darbinis sl\u0117gis 70 Mpa Matmenys 620x220x280 mm Svoris 15 kg Valdymas kojinis<\/p>","protected":false},"featured_media":416405,"comment_status":"closed","ping_status":"open","template":"","meta":[],"product_cat":[11131,11158,10287],"product_tag":[],"class_list":{"0":"post-408970","1":"product","2":"type-product","3":"status-publish","4":"has-post-thumbnail","6":"product_cat-hidrauline-iranga-prekiu-katalogas","7":"product_cat-hidraulines-pompos-hidraulines-stoteles-hidrauline-iranga-prekiu-katalogas","8":"product_cat-prekiu-katalogas","10":"first","11":"instock","12":"purchasable","13":"product-type-simple"},"jetpack_sharing_enabled":true,"_links":{"self":[{"href":"https:\/\/raktoras.lt\/ru\/wp-json\/wp\/v2\/product\/408970","targetHints":{"allow":["GET"]}}],"collection":[{"href":"https:\/\/raktoras.lt\/ru\/wp-json\/wp\/v2\/product"}],"about":[{"href":"https:\/\/raktoras.lt\/ru\/wp-json\/wp\/v2\/types\/product"}],"replies":[{"embeddable":true,"href":"https:\/\/raktoras.lt\/ru\/wp-json\/wp\/v2\/comments?post=408970"}],"version-history":[{"count":1,"href":"https:\/\/raktoras.lt\/ru\/wp-json\/wp\/v2\/product\/408970\/revisions"}],"predecessor-version":[{"id":408971,"href":"https:\/\/raktoras.lt\/ru\/wp-json\/wp\/v2\/product\/408970\/revisions\/408971"}],"wp:featuredmedia":[{"embeddable":true,"href":"https:\/\/raktoras.lt\/ru\/wp-json\/wp\/v2\/media\/416405"}],"wp:attachment":[{"href":"https:\/\/raktoras.lt\/ru\/wp-json\/wp\/v2\/media?parent=408970"}],"wp:term":[{"taxonomy":"product_cat","embeddable":true,"href":"https:\/\/raktoras.lt\/ru\/wp-json\/wp\/v2\/product_cat?post=408970"},{"taxonomy":"product_tag","embeddable":true,"href":"https:\/\/raktoras.lt\/ru\/wp-json\/wp\/v2\/product_tag?post=408970"}],"curies":[{"name":"wp","href":"https:\/\/api.w.org\/{rel}","templated":true}]}}