{"id":409016,"date":"2025-08-18T17:24:38","date_gmt":"2025-08-18T17:24:38","guid":{"rendered":"https:\/\/raktoras.lt\/product\/zarna-su-rite-pu-o8-x-12mm-15m\/"},"modified":"2025-09-24T14:13:46","modified_gmt":"2025-09-24T14:13:46","slug":"zarna-su-rite-pu-o8-x-12mm-15m","status":"publish","type":"product","link":"https:\/\/raktoras.lt\/ru\/product\/zarna-su-rite-pu-o8-x-12mm-15m\/","title":{"rendered":"\u017darna su rite PU \u00d88 x 12mm, 15m"},"content":{"rendered":"<p>\u017darnos vidinis\/i\u0161orinis &Oslash; 8 x 12 mm<br \/>\n\t\u017darnos ilgis 15 m<br \/>\n\tMax darbinis sl\u0117gis 218 Psi \/ 15 bar<br \/>\n\tAutomatinis \u017earnos suvyniojimas<br \/>\n\tMed\u017eiaga &#8211; PU (poliuretanas)<br \/>\n\tPlastikinis korpusas<\/p>","protected":false},"excerpt":{"rendered":"<p>\u017darnos vidinis\/i\u0161orinis &Oslash; 8 x 12 mm \u017darnos ilgis 15 m Max darbinis sl\u0117gis 218 Psi \/ 15 bar Automatinis \u017earnos suvyniojimas Med\u017eiaga &#8211; PU (poliuretanas) Plastikinis korpusas<\/p>","protected":false},"featured_media":416428,"comment_status":"closed","ping_status":"open","template":"","meta":[],"product_cat":[11137,11121,10287,11138],"product_tag":[],"class_list":{"0":"post-409016","1":"product","2":"type-product","3":"status-publish","4":"has-post-thumbnail","6":"product_brand-hpmm","7":"product_cat-pneumatikos-priedai","8":"product_cat-pneumatine-iranga-kompresoriai-prekiu-katalogas","9":"product_cat-prekiu-katalogas","10":"product_cat-zarnos-pneumatikos-priedai","12":"first","13":"instock","14":"purchasable","15":"product-type-simple"},"jetpack_sharing_enabled":true,"_links":{"self":[{"href":"https:\/\/raktoras.lt\/ru\/wp-json\/wp\/v2\/product\/409016","targetHints":{"allow":["GET"]}}],"collection":[{"href":"https:\/\/raktoras.lt\/ru\/wp-json\/wp\/v2\/product"}],"about":[{"href":"https:\/\/raktoras.lt\/ru\/wp-json\/wp\/v2\/types\/product"}],"replies":[{"embeddable":true,"href":"https:\/\/raktoras.lt\/ru\/wp-json\/wp\/v2\/comments?post=409016"}],"version-history":[{"count":1,"href":"https:\/\/raktoras.lt\/ru\/wp-json\/wp\/v2\/product\/409016\/revisions"}],"predecessor-version":[{"id":409017,"href":"https:\/\/raktoras.lt\/ru\/wp-json\/wp\/v2\/product\/409016\/revisions\/409017"}],"wp:featuredmedia":[{"embeddable":true,"href":"https:\/\/raktoras.lt\/ru\/wp-json\/wp\/v2\/media\/416428"}],"wp:attachment":[{"href":"https:\/\/raktoras.lt\/ru\/wp-json\/wp\/v2\/media?parent=409016"}],"wp:term":[{"taxonomy":"product_cat","embeddable":true,"href":"https:\/\/raktoras.lt\/ru\/wp-json\/wp\/v2\/product_cat?post=409016"},{"taxonomy":"product_tag","embeddable":true,"href":"https:\/\/raktoras.lt\/ru\/wp-json\/wp\/v2\/product_tag?post=409016"}],"curies":[{"name":"wp","href":"https:\/\/api.w.org\/{rel}","templated":true}]}}