{"id":409038,"date":"2025-08-18T17:24:47","date_gmt":"2025-08-18T17:24:47","guid":{"rendered":"https:\/\/raktoras.lt\/product\/presavimo-adapteriu-rinkinys\/"},"modified":"2025-11-16T13:36:57","modified_gmt":"2025-11-16T13:36:57","slug":"presavimo-adapteriu-rinkinys","status":"publish","type":"product","link":"https:\/\/raktoras.lt\/ru\/product\/presavimo-adapteriu-rinkinys\/","title":{"rendered":"Presavimo adapteri\u0173 rinkinys"},"content":{"rendered":"<p>Adapteris, parinktas specialiai pagal guolio skersmen\u012f, u\u017etikrina tolyg\u0173 sl\u0117gio pasiskirstym\u0105<br \/>\n\tPresavimo metu d\u0117l tiksli\u0173 dyd\u017ei\u0173 guoli\u0173 korpusas nepa\u017eeid\u017eiamas<br \/>\n\t2T &Oslash; 10 mm<br \/>\n\t3T &Oslash; 12 mm<br \/>\n\t8T &Oslash; 16 mm<br \/>\n\t12T &Oslash; 18 mm<br \/>\n\t14T &Oslash; 20 mm<br \/>\n\t16T &Oslash; 22 mm<br \/>\n\t18T &Oslash; 25 mm<br \/>\n\t20T &Oslash; 30 mm<\/p>\n<p>Tinka visiems Tongli gamintojo hidrauliniams presams.<\/p>","protected":false},"excerpt":{"rendered":"<p>Adapteris, parinktas specialiai pagal guolio skersmen\u012f, u\u017etikrina tolyg\u0173 sl\u0117gio pasiskirstym\u0105 Presavimo metu d\u0117l tiksli\u0173 dyd\u017ei\u0173 guoli\u0173 korpusas nepa\u017eeid\u017eiamas 2T &Oslash; 10 mm 3T &Oslash; 12 mm 8T &Oslash; 16 mm<\/p>","protected":false},"featured_media":416439,"comment_status":"closed","ping_status":"closed","template":"","meta":[],"product_cat":[11131,11132,10287],"product_tag":[],"class_list":{"0":"post-409038","1":"product","2":"type-product","3":"status-publish","4":"has-post-thumbnail","6":"product_brand-tongli","7":"product_cat-hidrauline-iranga-prekiu-katalogas","8":"product_cat-hidrauliniai-presai","9":"product_cat-prekiu-katalogas","11":"first","12":"instock","13":"purchasable","14":"product-type-simple"},"jetpack_sharing_enabled":true,"_links":{"self":[{"href":"https:\/\/raktoras.lt\/ru\/wp-json\/wp\/v2\/product\/409038","targetHints":{"allow":["GET"]}}],"collection":[{"href":"https:\/\/raktoras.lt\/ru\/wp-json\/wp\/v2\/product"}],"about":[{"href":"https:\/\/raktoras.lt\/ru\/wp-json\/wp\/v2\/types\/product"}],"replies":[{"embeddable":true,"href":"https:\/\/raktoras.lt\/ru\/wp-json\/wp\/v2\/comments?post=409038"}],"version-history":[{"count":1,"href":"https:\/\/raktoras.lt\/ru\/wp-json\/wp\/v2\/product\/409038\/revisions"}],"predecessor-version":[{"id":409039,"href":"https:\/\/raktoras.lt\/ru\/wp-json\/wp\/v2\/product\/409038\/revisions\/409039"}],"wp:featuredmedia":[{"embeddable":true,"href":"https:\/\/raktoras.lt\/ru\/wp-json\/wp\/v2\/media\/416439"}],"wp:attachment":[{"href":"https:\/\/raktoras.lt\/ru\/wp-json\/wp\/v2\/media?parent=409038"}],"wp:term":[{"taxonomy":"product_cat","embeddable":true,"href":"https:\/\/raktoras.lt\/ru\/wp-json\/wp\/v2\/product_cat?post=409038"},{"taxonomy":"product_tag","embeddable":true,"href":"https:\/\/raktoras.lt\/ru\/wp-json\/wp\/v2\/product_tag?post=409038"}],"curies":[{"name":"wp","href":"https:\/\/api.w.org\/{rel}","templated":true}]}}