{"id":409048,"date":"2025-08-18T17:24:47","date_gmt":"2025-08-18T17:24:47","guid":{"rendered":"https:\/\/raktoras.lt\/product\/pistoletas-dyzelinui-sunkvezimiui\/"},"modified":"2025-10-16T01:08:36","modified_gmt":"2025-10-16T01:08:36","slug":"pistoletas-dyzelinui-sunkvezimiui","status":"publish","type":"product","link":"https:\/\/raktoras.lt\/ru\/product\/pistoletas-dyzelinui-sunkvezimiui\/","title":{"rendered":"Pistoletas dyzelinui (sunkve\u017eimiui)"},"content":{"rendered":"<p>Automatinis pistoletas (automati\u0161kai i\u0161jungia tek\u0117jim\u0105, kai talpykla u\u017esipildo)<br \/>\n\tU\u017epylimo antgalio &Oslash;30 mm, L= 160 mm<br \/>\n\tPajungimas BSPF 1&quot; (33.25 mm)<br \/>\n\tMax pralaidumas 120 l\/min<br \/>\n\tMax darbinis sl\u0117gis 3 bar<br \/>\n\tMin darbinis sl\u0117gis 0.2 bar (be skys\u010dio)&nbsp;<\/p>","protected":false},"excerpt":{"rendered":"<p>Automatinis pistoletas (automati\u0161kai i\u0161jungia tek\u0117jim\u0105, kai talpykla u\u017esipildo) U\u017epylimo antgalio &Oslash;30 mm, L= 160 mm Pajungimas BSPF 1&quot; (33.25 mm) Max pralaidumas 120 l\/min Max darbinis sl\u0117gis 3 bar Min<\/p>","protected":false},"featured_media":416444,"comment_status":"closed","ping_status":"open","template":"","meta":[],"product_cat":[11129,11189,10287],"product_tag":[],"class_list":{"0":"post-409048","1":"product","2":"type-product","3":"status-publish","4":"has-post-thumbnail","6":"product_brand-aocheng","7":"product_cat-alyvos-keitimas-tepimo-irankiai-prekiu-katalogas","8":"product_cat-pistoletai-zarnos-kanistrai-piltuvai-kurui-ir-skysciams-alyvos-keitimas-tepimo-irankiai-prekiu-katalogas","9":"product_cat-prekiu-katalogas","11":"first","12":"instock","13":"purchasable","14":"product-type-simple"},"jetpack_sharing_enabled":true,"_links":{"self":[{"href":"https:\/\/raktoras.lt\/ru\/wp-json\/wp\/v2\/product\/409048","targetHints":{"allow":["GET"]}}],"collection":[{"href":"https:\/\/raktoras.lt\/ru\/wp-json\/wp\/v2\/product"}],"about":[{"href":"https:\/\/raktoras.lt\/ru\/wp-json\/wp\/v2\/types\/product"}],"replies":[{"embeddable":true,"href":"https:\/\/raktoras.lt\/ru\/wp-json\/wp\/v2\/comments?post=409048"}],"version-history":[{"count":1,"href":"https:\/\/raktoras.lt\/ru\/wp-json\/wp\/v2\/product\/409048\/revisions"}],"predecessor-version":[{"id":409049,"href":"https:\/\/raktoras.lt\/ru\/wp-json\/wp\/v2\/product\/409048\/revisions\/409049"}],"wp:featuredmedia":[{"embeddable":true,"href":"https:\/\/raktoras.lt\/ru\/wp-json\/wp\/v2\/media\/416444"}],"wp:attachment":[{"href":"https:\/\/raktoras.lt\/ru\/wp-json\/wp\/v2\/media?parent=409048"}],"wp:term":[{"taxonomy":"product_cat","embeddable":true,"href":"https:\/\/raktoras.lt\/ru\/wp-json\/wp\/v2\/product_cat?post=409048"},{"taxonomy":"product_tag","embeddable":true,"href":"https:\/\/raktoras.lt\/ru\/wp-json\/wp\/v2\/product_tag?post=409048"}],"curies":[{"name":"wp","href":"https:\/\/api.w.org\/{rel}","templated":true}]}}