{"id":409128,"date":"2025-08-18T17:25:04","date_gmt":"2025-08-18T17:25:04","guid":{"rendered":"https:\/\/raktoras.lt\/product\/1-4-galvute-su-37l-pozi-drive-antgaliu\/"},"modified":"2025-12-05T14:34:24","modified_gmt":"2025-12-05T14:34:24","slug":"1-4-galvute-su-37l-pozi-drive-antgaliu","status":"publish","type":"product","link":"https:\/\/raktoras.lt\/ru\/product\/1-4-galvute-su-37l-pozi-drive-antgaliu\/","title":{"rendered":"1\/4&#8243; Galvut\u0117 su 37L POZI-DRIVE antgaliu"},"content":{"rendered":"","protected":false},"excerpt":{"rendered":"<p>\n\t<strong>Draud\u017eiama \u0161ias galvutes naudoti su j\u0117gos atsuktuvais ir sm\u016bginiais raktais!<\/p>\n<p>\t<\/strong><\/p>","protected":false},"featured_media":416484,"comment_status":"closed","ping_status":"closed","template":"","meta":[],"product_cat":[11219,11215,10287,11080],"product_tag":[],"class_list":{"0":"post-409128","1":"product","2":"type-product","3":"status-publish","4":"has-post-thumbnail","6":"product_brand-sata","7":"product_cat-1-4-galvutes-galvuciu-priedai-galvutes-adapteriai-rankiniai-irankiai","8":"product_cat-galvutes-adapteriai-rankiniai-irankiai","9":"product_cat-prekiu-katalogas","10":"product_cat-rankiniai-irankiai","11":"pa_dydis-nr-1","13":"first","14":"instock","15":"purchasable","16":"product-type-simple"},"jetpack_sharing_enabled":true,"_links":{"self":[{"href":"https:\/\/raktoras.lt\/ru\/wp-json\/wp\/v2\/product\/409128","targetHints":{"allow":["GET"]}}],"collection":[{"href":"https:\/\/raktoras.lt\/ru\/wp-json\/wp\/v2\/product"}],"about":[{"href":"https:\/\/raktoras.lt\/ru\/wp-json\/wp\/v2\/types\/product"}],"replies":[{"embeddable":true,"href":"https:\/\/raktoras.lt\/ru\/wp-json\/wp\/v2\/comments?post=409128"}],"version-history":[{"count":1,"href":"https:\/\/raktoras.lt\/ru\/wp-json\/wp\/v2\/product\/409128\/revisions"}],"predecessor-version":[{"id":409129,"href":"https:\/\/raktoras.lt\/ru\/wp-json\/wp\/v2\/product\/409128\/revisions\/409129"}],"wp:featuredmedia":[{"embeddable":true,"href":"https:\/\/raktoras.lt\/ru\/wp-json\/wp\/v2\/media\/416484"}],"wp:attachment":[{"href":"https:\/\/raktoras.lt\/ru\/wp-json\/wp\/v2\/media?parent=409128"}],"wp:term":[{"taxonomy":"product_cat","embeddable":true,"href":"https:\/\/raktoras.lt\/ru\/wp-json\/wp\/v2\/product_cat?post=409128"},{"taxonomy":"product_tag","embeddable":true,"href":"https:\/\/raktoras.lt\/ru\/wp-json\/wp\/v2\/product_tag?post=409128"}],"curies":[{"name":"wp","href":"https:\/\/api.w.org\/{rel}","templated":true}]}}