{"id":409204,"date":"2025-08-18T17:25:22","date_gmt":"2025-08-18T17:25:22","guid":{"rendered":"https:\/\/raktoras.lt\/product\/l-tipo-sesiakampiu-prailgintu-apvalia-galvute-raktu-rinkinys-9vnt-1-5-10\/"},"modified":"2025-12-06T17:45:57","modified_gmt":"2025-12-06T17:45:57","slug":"l-tipo-sesiakampiu-prailgintu-apvalia-galvute-raktu-rinkinys-9vnt-1-5-10","status":"publish","type":"product","link":"https:\/\/raktoras.lt\/ru\/product\/l-tipo-sesiakampiu-prailgintu-apvalia-galvute-raktu-rinkinys-9vnt-1-5-10\/","title":{"rendered":"L-tipo \u0161e\u0161iakampi\u0173 prailgint\u0173, apvalia galvute rakt\u0173 rinkinys 9vnt. (1.5-10)"},"content":{"rendered":"<p>1.5 &#8211; 15 x 90 mm<br \/>\n\t2.0 &#8211; 16 x 96 mm<br \/>\n\t2.5 &#8211; 18 x 112 mm<br \/>\n\t3.0 &#8211; 21 x 125 mm<br \/>\n\t4.0 &#8211; 23 x 142 mm<br \/>\n\t5.0 &#8211; 28 x 157 mm<br \/>\n\t6.0 &#8211; 31 x 180 mm<br \/>\n\t8.0 &#8211; 35 x 201 mm<br \/>\n\t10.0 &#8211; 39 x 225 mm<\/p>","protected":false},"excerpt":{"rendered":"<p>1.5 &#8211; 15 x 90 mm 2.0 &#8211; 16 x 96 mm 2.5 &#8211; 18 x 112 mm 3.0 &#8211; 21 x 125 mm 4.0 &#8211; 23 x 142 mm<\/p>","protected":false},"featured_media":416522,"comment_status":"closed","ping_status":"closed","template":"","meta":[],"product_cat":[11259,10287,11080,11224],"product_tag":[],"class_list":{"0":"post-409204","1":"product","2":"type-product","3":"status-publish","4":"has-post-thumbnail","6":"product_brand-yato","7":"product_cat-l-ir-t-tipo-sesiakampiai-verzliarakciai-rankiniai-irankiai","8":"product_cat-prekiu-katalogas","9":"product_cat-rankiniai-irankiai","10":"product_cat-verzliarakciai-rankiniai-irankiai","12":"first","13":"instock","14":"purchasable","15":"product-type-simple"},"jetpack_sharing_enabled":true,"_links":{"self":[{"href":"https:\/\/raktoras.lt\/ru\/wp-json\/wp\/v2\/product\/409204","targetHints":{"allow":["GET"]}}],"collection":[{"href":"https:\/\/raktoras.lt\/ru\/wp-json\/wp\/v2\/product"}],"about":[{"href":"https:\/\/raktoras.lt\/ru\/wp-json\/wp\/v2\/types\/product"}],"replies":[{"embeddable":true,"href":"https:\/\/raktoras.lt\/ru\/wp-json\/wp\/v2\/comments?post=409204"}],"version-history":[{"count":1,"href":"https:\/\/raktoras.lt\/ru\/wp-json\/wp\/v2\/product\/409204\/revisions"}],"predecessor-version":[{"id":409205,"href":"https:\/\/raktoras.lt\/ru\/wp-json\/wp\/v2\/product\/409204\/revisions\/409205"}],"wp:featuredmedia":[{"embeddable":true,"href":"https:\/\/raktoras.lt\/ru\/wp-json\/wp\/v2\/media\/416522"}],"wp:attachment":[{"href":"https:\/\/raktoras.lt\/ru\/wp-json\/wp\/v2\/media?parent=409204"}],"wp:term":[{"taxonomy":"product_cat","embeddable":true,"href":"https:\/\/raktoras.lt\/ru\/wp-json\/wp\/v2\/product_cat?post=409204"},{"taxonomy":"product_tag","embeddable":true,"href":"https:\/\/raktoras.lt\/ru\/wp-json\/wp\/v2\/product_tag?post=409204"}],"curies":[{"name":"wp","href":"https:\/\/api.w.org\/{rel}","templated":true}]}}