{"id":409216,"date":"2025-08-18T17:25:22","date_gmt":"2025-08-18T17:25:22","guid":{"rendered":"https:\/\/raktoras.lt\/product\/spyruokliu-suspaudejas-hidraulinis-1000kg\/"},"modified":"2025-11-16T13:50:13","modified_gmt":"2025-11-16T13:50:13","slug":"spyruokliu-suspaudejas-hidraulinis-1000kg","status":"publish","type":"product","link":"https:\/\/raktoras.lt\/ru\/product\/spyruokliu-suspaudejas-hidraulinis-1000kg\/","title":{"rendered":"Spyruokli\u0173 suspaud\u0117jas hidraulinis 1000kg"},"content":{"rendered":"<p>Suspaudimo j\u0117ga 2200 Lbs, 1000 kg<br \/>\n\tSuspaudimo ilgis 150 mm<br \/>\n\tCilindro eiga 290 mm<br \/>\n\tSpyruokl\u0117s &Oslash; 100 &#8211; 200 mm<br \/>\n\tSvoris 25.5 kg<br \/>\n\tPakuot\u0117s matmenys 720 x 260 x 180 mm<\/p>\n<p>Prek\u0117s spalva gali skirtis nuo pavaizduotos nuotraukoje<\/p>","protected":false},"excerpt":{"rendered":"<p>Suspaudimo j\u0117ga 2200 Lbs, 1000 kg Suspaudimo ilgis 150 mm Cilindro eiga 290 mm Spyruokl\u0117s &Oslash; 100 &#8211; 200 mm Svoris 25.5 kg Pakuot\u0117s matmenys 720 x 260 x 180<\/p>","protected":false},"featured_media":416528,"comment_status":"closed","ping_status":"closed","template":"","meta":[],"product_cat":[11131,11271,10287],"product_tag":[],"class_list":{"0":"post-409216","1":"product","2":"type-product","3":"status-publish","4":"has-post-thumbnail","6":"product_brand-tongli","7":"product_cat-hidrauline-iranga-prekiu-katalogas","8":"product_cat-hidrauliniai-spyruokliu-suspaudejai-hidrauline-iranga-prekiu-katalogas","9":"product_cat-prekiu-katalogas","11":"first","12":"instock","13":"purchasable","14":"product-type-simple"},"jetpack_sharing_enabled":true,"_links":{"self":[{"href":"https:\/\/raktoras.lt\/ru\/wp-json\/wp\/v2\/product\/409216","targetHints":{"allow":["GET"]}}],"collection":[{"href":"https:\/\/raktoras.lt\/ru\/wp-json\/wp\/v2\/product"}],"about":[{"href":"https:\/\/raktoras.lt\/ru\/wp-json\/wp\/v2\/types\/product"}],"replies":[{"embeddable":true,"href":"https:\/\/raktoras.lt\/ru\/wp-json\/wp\/v2\/comments?post=409216"}],"version-history":[{"count":1,"href":"https:\/\/raktoras.lt\/ru\/wp-json\/wp\/v2\/product\/409216\/revisions"}],"predecessor-version":[{"id":409217,"href":"https:\/\/raktoras.lt\/ru\/wp-json\/wp\/v2\/product\/409216\/revisions\/409217"}],"wp:featuredmedia":[{"embeddable":true,"href":"https:\/\/raktoras.lt\/ru\/wp-json\/wp\/v2\/media\/416528"}],"wp:attachment":[{"href":"https:\/\/raktoras.lt\/ru\/wp-json\/wp\/v2\/media?parent=409216"}],"wp:term":[{"taxonomy":"product_cat","embeddable":true,"href":"https:\/\/raktoras.lt\/ru\/wp-json\/wp\/v2\/product_cat?post=409216"},{"taxonomy":"product_tag","embeddable":true,"href":"https:\/\/raktoras.lt\/ru\/wp-json\/wp\/v2\/product_tag?post=409216"}],"curies":[{"name":"wp","href":"https:\/\/api.w.org\/{rel}","templated":true}]}}