{"id":409218,"date":"2025-08-18T17:25:22","date_gmt":"2025-08-18T17:25:22","guid":{"rendered":"https:\/\/raktoras.lt\/product\/nesiojamas-hidraulinis-irenginys-su-ratukais-10t\/"},"modified":"2025-11-16T14:04:50","modified_gmt":"2025-11-16T14:04:50","slug":"nesiojamas-hidraulinis-irenginys-su-ratukais-10t","status":"publish","type":"product","link":"https:\/\/raktoras.lt\/ru\/product\/nesiojamas-hidraulinis-irenginys-su-ratukais-10t\/","title":{"rendered":"Ne\u0161iojamas hidraulinis \u012frenginys su ratukais 10t"},"content":{"rendered":"<p>J\u0117ga 10 t<br \/>\n\tDarbin\u0117 eiga, 135 mm<br \/>\n\tMin auk\u0161tis 358 mm<br \/>\n\tSvoris 32 kg<br \/>\n\tPlastikin\u0117 d\u0117\u017e\u0117<br \/>\n\tPakuot\u0117s matmenys 950 x 400 x 190 mm<br \/>\n\t&nbsp;<\/p>","protected":false},"excerpt":{"rendered":"<p>J\u0117ga 10 t Darbin\u0117 eiga, 135 mm Min auk\u0161tis 358 mm Svoris 32 kg Plastikin\u0117 d\u0117\u017e\u0117 Pakuot\u0117s matmenys 950 x 400 x 190 mm &nbsp;<\/p>","protected":false},"featured_media":416529,"comment_status":"closed","ping_status":"closed","template":"","meta":[],"product_cat":[11131,11272,10287],"product_tag":[],"class_list":{"0":"post-409218","1":"product","2":"type-product","3":"status-publish","4":"has-post-thumbnail","6":"product_brand-tongli","7":"product_cat-hidrauline-iranga-prekiu-katalogas","8":"product_cat-nesiojami-hidrauliniai-irenginiai-hidrauline-iranga-prekiu-katalogas","9":"product_cat-prekiu-katalogas","11":"first","12":"instock","13":"purchasable","14":"product-type-simple"},"jetpack_sharing_enabled":true,"_links":{"self":[{"href":"https:\/\/raktoras.lt\/ru\/wp-json\/wp\/v2\/product\/409218","targetHints":{"allow":["GET"]}}],"collection":[{"href":"https:\/\/raktoras.lt\/ru\/wp-json\/wp\/v2\/product"}],"about":[{"href":"https:\/\/raktoras.lt\/ru\/wp-json\/wp\/v2\/types\/product"}],"replies":[{"embeddable":true,"href":"https:\/\/raktoras.lt\/ru\/wp-json\/wp\/v2\/comments?post=409218"}],"version-history":[{"count":1,"href":"https:\/\/raktoras.lt\/ru\/wp-json\/wp\/v2\/product\/409218\/revisions"}],"predecessor-version":[{"id":409219,"href":"https:\/\/raktoras.lt\/ru\/wp-json\/wp\/v2\/product\/409218\/revisions\/409219"}],"wp:featuredmedia":[{"embeddable":true,"href":"https:\/\/raktoras.lt\/ru\/wp-json\/wp\/v2\/media\/416529"}],"wp:attachment":[{"href":"https:\/\/raktoras.lt\/ru\/wp-json\/wp\/v2\/media?parent=409218"}],"wp:term":[{"taxonomy":"product_cat","embeddable":true,"href":"https:\/\/raktoras.lt\/ru\/wp-json\/wp\/v2\/product_cat?post=409218"},{"taxonomy":"product_tag","embeddable":true,"href":"https:\/\/raktoras.lt\/ru\/wp-json\/wp\/v2\/product_tag?post=409218"}],"curies":[{"name":"wp","href":"https:\/\/api.w.org\/{rel}","templated":true}]}}