{"id":409220,"date":"2025-08-18T17:25:22","date_gmt":"2025-08-18T17:25:22","guid":{"rendered":"https:\/\/raktoras.lt\/product\/nesiojamas-hidraulinis-irenginys-4t\/"},"modified":"2025-11-16T14:05:14","modified_gmt":"2025-11-16T14:05:14","slug":"nesiojamas-hidraulinis-irenginys-4t","status":"publish","type":"product","link":"https:\/\/raktoras.lt\/ru\/product\/nesiojamas-hidraulinis-irenginys-4t\/","title":{"rendered":"Ne\u0161iojamas hidraulinis \u012frenginys 4t"},"content":{"rendered":"<p>\n\tGalingumas 4 t<br \/>\n\tDarbin\u0117 eiga, 125 mm<br \/>\n\tMin auk\u0161tis 270 mm<br \/>\n\tSvoris 17 kg<br \/>\n\tPlastikin\u0117 d\u0117\u017e\u0117<br \/>\n\tPakuot\u0117s matmenys 600 x 350 x 185 mm<br \/>\n\t&nbsp;<\/p>","protected":false},"excerpt":{"rendered":"<p>Galingumas 4 t Darbin\u0117 eiga, 125 mm Min auk\u0161tis 270 mm Svoris 17 kg Plastikin\u0117 d\u0117\u017e\u0117 Pakuot\u0117s matmenys 600 x 350 x 185 mm &nbsp;<\/p>","protected":false},"featured_media":416530,"comment_status":"closed","ping_status":"closed","template":"","meta":[],"product_cat":[11131,11272,10287],"product_tag":[],"class_list":{"0":"post-409220","1":"product","2":"type-product","3":"status-publish","4":"has-post-thumbnail","6":"product_brand-tongli","7":"product_cat-hidrauline-iranga-prekiu-katalogas","8":"product_cat-nesiojami-hidrauliniai-irenginiai-hidrauline-iranga-prekiu-katalogas","9":"product_cat-prekiu-katalogas","11":"first","12":"instock","13":"purchasable","14":"product-type-simple"},"jetpack_sharing_enabled":true,"_links":{"self":[{"href":"https:\/\/raktoras.lt\/ru\/wp-json\/wp\/v2\/product\/409220","targetHints":{"allow":["GET"]}}],"collection":[{"href":"https:\/\/raktoras.lt\/ru\/wp-json\/wp\/v2\/product"}],"about":[{"href":"https:\/\/raktoras.lt\/ru\/wp-json\/wp\/v2\/types\/product"}],"replies":[{"embeddable":true,"href":"https:\/\/raktoras.lt\/ru\/wp-json\/wp\/v2\/comments?post=409220"}],"version-history":[{"count":1,"href":"https:\/\/raktoras.lt\/ru\/wp-json\/wp\/v2\/product\/409220\/revisions"}],"predecessor-version":[{"id":409221,"href":"https:\/\/raktoras.lt\/ru\/wp-json\/wp\/v2\/product\/409220\/revisions\/409221"}],"wp:featuredmedia":[{"embeddable":true,"href":"https:\/\/raktoras.lt\/ru\/wp-json\/wp\/v2\/media\/416530"}],"wp:attachment":[{"href":"https:\/\/raktoras.lt\/ru\/wp-json\/wp\/v2\/media?parent=409220"}],"wp:term":[{"taxonomy":"product_cat","embeddable":true,"href":"https:\/\/raktoras.lt\/ru\/wp-json\/wp\/v2\/product_cat?post=409220"},{"taxonomy":"product_tag","embeddable":true,"href":"https:\/\/raktoras.lt\/ru\/wp-json\/wp\/v2\/product_tag?post=409220"}],"curies":[{"name":"wp","href":"https:\/\/api.w.org\/{rel}","templated":true}]}}