{"id":409366,"date":"2025-08-18T17:25:55","date_gmt":"2025-08-18T17:25:55","guid":{"rendered":"https:\/\/raktoras.lt\/product\/stendas-varikliui-454kg-1000lbs\/"},"modified":"2025-10-27T18:24:22","modified_gmt":"2025-10-27T18:24:22","slug":"stendas-varikliui-454kg-1000lbs","status":"publish","type":"product","link":"https:\/\/raktoras.lt\/ru\/product\/stendas-varikliui-454kg-1000lbs\/","title":{"rendered":"Stendas varikliui 454kg (1000LBS)"},"content":{"rendered":"<p>Leistina apkrova 454 kg (1000 LBS)<br \/>\n\tDarbinis auk\u0161tis 730 mm<br \/>\n\tSvoris 21 kg<br \/>\n\tPakuot\u0117s matmenys 860 x 185 x 185 mm<\/p>\n<p>Prek\u0117s spalva gali skirtis nuo pavaizduotos nuotraukoje<\/p>","protected":false},"excerpt":{"rendered":"<p>Leistina apkrova 454 kg (1000 LBS) Darbinis auk\u0161tis 730 mm Svoris 21 kg Pakuot\u0117s matmenys 860 x 185 x 185 mm Prek\u0117s spalva gali skirtis nuo pavaizduotos nuotraukoje<\/p>","protected":false},"featured_media":416603,"comment_status":"closed","ping_status":"open","template":"","meta":[],"product_cat":[11095,10287,11166],"product_tag":[],"class_list":{"0":"post-409366","1":"product","2":"type-product","3":"status-publish","4":"has-post-thumbnail","6":"product_brand-tongli","7":"product_cat-autoservisu-iranga-prekiu-katalogas","8":"product_cat-prekiu-katalogas","9":"product_cat-stendai-variklio-balansyrai-traversos-autoservisu-iranga-prekiu-katalogas","11":"first","12":"instock","13":"purchasable","14":"product-type-simple"},"jetpack_sharing_enabled":true,"_links":{"self":[{"href":"https:\/\/raktoras.lt\/ru\/wp-json\/wp\/v2\/product\/409366","targetHints":{"allow":["GET"]}}],"collection":[{"href":"https:\/\/raktoras.lt\/ru\/wp-json\/wp\/v2\/product"}],"about":[{"href":"https:\/\/raktoras.lt\/ru\/wp-json\/wp\/v2\/types\/product"}],"replies":[{"embeddable":true,"href":"https:\/\/raktoras.lt\/ru\/wp-json\/wp\/v2\/comments?post=409366"}],"version-history":[{"count":1,"href":"https:\/\/raktoras.lt\/ru\/wp-json\/wp\/v2\/product\/409366\/revisions"}],"predecessor-version":[{"id":409367,"href":"https:\/\/raktoras.lt\/ru\/wp-json\/wp\/v2\/product\/409366\/revisions\/409367"}],"wp:featuredmedia":[{"embeddable":true,"href":"https:\/\/raktoras.lt\/ru\/wp-json\/wp\/v2\/media\/416603"}],"wp:attachment":[{"href":"https:\/\/raktoras.lt\/ru\/wp-json\/wp\/v2\/media?parent=409366"}],"wp:term":[{"taxonomy":"product_cat","embeddable":true,"href":"https:\/\/raktoras.lt\/ru\/wp-json\/wp\/v2\/product_cat?post=409366"},{"taxonomy":"product_tag","embeddable":true,"href":"https:\/\/raktoras.lt\/ru\/wp-json\/wp\/v2\/product_tag?post=409366"}],"curies":[{"name":"wp","href":"https:\/\/api.w.org\/{rel}","templated":true}]}}