{"id":409392,"date":"2025-08-18T17:26:05","date_gmt":"2025-08-18T17:26:05","guid":{"rendered":"https:\/\/raktoras.lt\/product\/varztu-issukejas-5vnt-smulkus-sriegis\/"},"modified":"2026-01-03T00:17:35","modified_gmt":"2026-01-03T00:17:35","slug":"varztu-issukejas-5vnt-smulkus-sriegis","status":"publish","type":"product","link":"https:\/\/raktoras.lt\/ru\/product\/varztu-issukejas-5vnt-smulkus-sriegis\/","title":{"rendered":"Var\u017et\u0173 i\u0161suk\u0117jas 5vnt. (smulkus sriegis)"},"content":{"rendered":"<p>Dydis 2.5, 3.0, 4.5, 6.0, 8.0 mm<br \/>\n\tMed\u017eiaga Cr-Mo<br \/>\n\t&nbsp;<\/p>","protected":false},"excerpt":{"rendered":"<p>Dydis 2.5, 3.0, 4.5, 6.0, 8.0 mm Med\u017eiaga Cr-Mo &nbsp;<\/p>","protected":false},"featured_media":416616,"comment_status":"closed","ping_status":"closed","template":"","meta":[],"product_cat":[11202,10287,11080,11312],"product_tag":[],"class_list":{"0":"post-409392","1":"product","2":"type-product","3":"status-publish","4":"has-post-thumbnail","6":"product_brand-sata","7":"product_cat-nulauztu-varztu-smeigiu-issukejai-sriegio-atnaujinimas-rankiniai-irankiai","8":"product_cat-prekiu-katalogas","9":"product_cat-rankiniai-irankiai","10":"product_cat-varztu-issukejai-nulauztu-varztu-smeigiu-issukejai-sriegio-atnaujinimas-rankiniai-irankiai","12":"first","13":"instock","14":"purchasable","15":"product-type-simple"},"jetpack_sharing_enabled":true,"_links":{"self":[{"href":"https:\/\/raktoras.lt\/ru\/wp-json\/wp\/v2\/product\/409392","targetHints":{"allow":["GET"]}}],"collection":[{"href":"https:\/\/raktoras.lt\/ru\/wp-json\/wp\/v2\/product"}],"about":[{"href":"https:\/\/raktoras.lt\/ru\/wp-json\/wp\/v2\/types\/product"}],"replies":[{"embeddable":true,"href":"https:\/\/raktoras.lt\/ru\/wp-json\/wp\/v2\/comments?post=409392"}],"version-history":[{"count":1,"href":"https:\/\/raktoras.lt\/ru\/wp-json\/wp\/v2\/product\/409392\/revisions"}],"predecessor-version":[{"id":409393,"href":"https:\/\/raktoras.lt\/ru\/wp-json\/wp\/v2\/product\/409392\/revisions\/409393"}],"wp:featuredmedia":[{"embeddable":true,"href":"https:\/\/raktoras.lt\/ru\/wp-json\/wp\/v2\/media\/416616"}],"wp:attachment":[{"href":"https:\/\/raktoras.lt\/ru\/wp-json\/wp\/v2\/media?parent=409392"}],"wp:term":[{"taxonomy":"product_cat","embeddable":true,"href":"https:\/\/raktoras.lt\/ru\/wp-json\/wp\/v2\/product_cat?post=409392"},{"taxonomy":"product_tag","embeddable":true,"href":"https:\/\/raktoras.lt\/ru\/wp-json\/wp\/v2\/product_tag?post=409392"}],"curies":[{"name":"wp","href":"https:\/\/api.w.org\/{rel}","templated":true}]}}