{"id":409490,"date":"2025-08-18T17:26:23","date_gmt":"2025-08-18T17:26:23","guid":{"rendered":"https:\/\/raktoras.lt\/product\/3-4-universalus-sarnyras\/"},"modified":"2025-12-05T13:45:01","modified_gmt":"2025-12-05T13:45:01","slug":"3-4-universalus-sarnyras","status":"publish","type":"product","link":"https:\/\/raktoras.lt\/ru\/product\/3-4-universalus-sarnyras\/","title":{"rendered":"3\/4&#8243; Universalus \u0161arnyras"},"content":{"rendered":"<p>\n\tDIN 3123&nbsp;<\/p>","protected":false},"excerpt":{"rendered":"<p>\n\t<strong>Draud\u017eiama \u0161iuos galvu\u010di\u0173 priedus naudoti su j\u0117gos atsuktuvais ir sm\u016bginiais raktais!<\/strong><\/p>","protected":false},"featured_media":416665,"comment_status":"closed","ping_status":"closed","template":"","meta":[],"product_cat":[11218,11215,10287,11080],"product_tag":[],"class_list":{"0":"post-409490","1":"product","2":"type-product","3":"status-publish","4":"has-post-thumbnail","6":"product_brand-sata","7":"product_cat-3-4-galvutes-galvuciu-priedai-galvutes-adapteriai-rankiniai-irankiai","8":"product_cat-galvutes-adapteriai-rankiniai-irankiai","9":"product_cat-prekiu-katalogas","10":"product_cat-rankiniai-irankiai","12":"first","13":"instock","14":"purchasable","15":"product-type-simple"},"jetpack_sharing_enabled":true,"_links":{"self":[{"href":"https:\/\/raktoras.lt\/ru\/wp-json\/wp\/v2\/product\/409490","targetHints":{"allow":["GET"]}}],"collection":[{"href":"https:\/\/raktoras.lt\/ru\/wp-json\/wp\/v2\/product"}],"about":[{"href":"https:\/\/raktoras.lt\/ru\/wp-json\/wp\/v2\/types\/product"}],"replies":[{"embeddable":true,"href":"https:\/\/raktoras.lt\/ru\/wp-json\/wp\/v2\/comments?post=409490"}],"version-history":[{"count":1,"href":"https:\/\/raktoras.lt\/ru\/wp-json\/wp\/v2\/product\/409490\/revisions"}],"predecessor-version":[{"id":409491,"href":"https:\/\/raktoras.lt\/ru\/wp-json\/wp\/v2\/product\/409490\/revisions\/409491"}],"wp:featuredmedia":[{"embeddable":true,"href":"https:\/\/raktoras.lt\/ru\/wp-json\/wp\/v2\/media\/416665"}],"wp:attachment":[{"href":"https:\/\/raktoras.lt\/ru\/wp-json\/wp\/v2\/media?parent=409490"}],"wp:term":[{"taxonomy":"product_cat","embeddable":true,"href":"https:\/\/raktoras.lt\/ru\/wp-json\/wp\/v2\/product_cat?post=409490"},{"taxonomy":"product_tag","embeddable":true,"href":"https:\/\/raktoras.lt\/ru\/wp-json\/wp\/v2\/product_tag?post=409490"}],"curies":[{"name":"wp","href":"https:\/\/api.w.org\/{rel}","templated":true}]}}