{"id":409496,"date":"2025-08-18T17:26:23","date_gmt":"2025-08-18T17:26:23","guid":{"rendered":"https:\/\/raktoras.lt\/product\/1-4-1-2-galvuciu-ir-raktu-rinkinys-76vnt\/"},"modified":"2026-03-01T03:25:49","modified_gmt":"2026-03-01T03:25:49","slug":"1-4-1-2-galvuciu-ir-raktu-rinkinys-76vnt","status":"publish","type":"product","link":"https:\/\/raktoras.lt\/ru\/product\/1-4-1-2-galvuciu-ir-raktu-rinkinys-76vnt\/","title":{"rendered":"1\/4&#8243; + 1\/2&#8243; Galvu\u010di\u0173 ir rakt\u0173 rinkinys 76vnt."},"content":{"rendered":"<p>7\u00a0 \u00a0vnt. 1\/4&#8243; 6-kampi\u0173 galvu\u010di\u0173: 8, 9, 10, 11, 12, 13, 14 mm<br \/>\n18 vnt. 1\/4&#8243; galvu\u010di\u0173 antgaliai<br \/>\nPlok\u0161ti 4, 5.5, 7 mm<br \/>\nKry\u017em. PH #1, #2<br \/>\nKry\u017em. PZ #1, #2<br \/>\nTORX 8, 10, 15, 20, 25, 30, 40<br \/>\nHEX 3, 4, 5, 6mm<br \/>\n12 vnt. 1\/2&#8243; 6-kampi\u0173 galvu\u010di\u0173 8, 10, 12, 13, 14, 17, 19, 22, 24, 27, 30, 32 mm<br \/>\n15 vnt. 30L antgali\u0173 su 5\/16&#8243; kotu<br \/>\nPlok\u0161ti 8, 10, 12 mm<br \/>\nKry\u017em. PH #3, #4<br \/>\nKry\u017em. PZ #3, #4<br \/>\nTORX 40, 45, 50, 55<br \/>\nHEX 8, 10, 12, 14 mm<br \/>\n2\u00a0 \u00a0vnt. 1\/2&#8243; galvu\u010di\u0173 \u017evakei 16, 21 mm<br \/>\n22 vnt. Priedai<br \/>\n1\/4&#8243; ir 1\/2&#8243; Profesionali terk\u0161l\u0117<br \/>\n1\/4&#8243; Rankena su lanks\u010diu kvadratu<br \/>\n1\/4&#8243; Prailgintojas lankstus<br \/>\n1\/4&#8243; Dvipus\u0117 prailginimo rankena 2&#8243;, 4&#8243;<br \/>\n1\/2&#8243; Dvipus\u0117 prailginimo rankena 5&#8243;, 10&#8243;<br \/>\n1\/4&#8243;, 1\/2&#8243; Universali jungtis<br \/>\n1\/4&#8243; Suktukas<br \/>\n1\/2&#8243; Rankena su slankiojan\u010diu kvadratu<br \/>\n1\/2&#8243; Antgali\u0173 mova x 5\/16&#8243; kotu<br \/>\nKombinuoti raktai 8, 10, 11, 12, 13, 14, 17, 19, 22 mm<\/p>","protected":false},"excerpt":{"rendered":"<p>7\u00a0 \u00a0vnt. 1\/4&#8243; 6-kampi\u0173 galvu\u010di\u0173: 8, 9, 10, 11, 12, 13, 14 mm 18 vnt. 1\/4&#8243; galvu\u010di\u0173 antgaliai Plok\u0161ti 4, 5.5, 7 mm Kry\u017em. PH #1, #2 Kry\u017em. PZ #1,<\/p>","protected":false},"featured_media":416668,"comment_status":"closed","ping_status":"closed","template":"","meta":[],"product_cat":[11267,11215,10287,11080],"product_tag":[],"class_list":{"0":"post-409496","1":"product","2":"type-product","3":"status-publish","4":"has-post-thumbnail","6":"product_brand-sata","7":"product_cat-1-4-3-8-1-2-kombinuoti-galvuciu-rinkiniai-galvutes-adapteriai-rankiniai-irankiai","8":"product_cat-galvutes-adapteriai-rankiniai-irankiai","9":"product_cat-prekiu-katalogas","10":"product_cat-rankiniai-irankiai","12":"first","13":"instock","14":"purchasable","15":"product-type-simple"},"jetpack_sharing_enabled":true,"_links":{"self":[{"href":"https:\/\/raktoras.lt\/ru\/wp-json\/wp\/v2\/product\/409496","targetHints":{"allow":["GET"]}}],"collection":[{"href":"https:\/\/raktoras.lt\/ru\/wp-json\/wp\/v2\/product"}],"about":[{"href":"https:\/\/raktoras.lt\/ru\/wp-json\/wp\/v2\/types\/product"}],"replies":[{"embeddable":true,"href":"https:\/\/raktoras.lt\/ru\/wp-json\/wp\/v2\/comments?post=409496"}],"version-history":[{"count":2,"href":"https:\/\/raktoras.lt\/ru\/wp-json\/wp\/v2\/product\/409496\/revisions"}],"predecessor-version":[{"id":422418,"href":"https:\/\/raktoras.lt\/ru\/wp-json\/wp\/v2\/product\/409496\/revisions\/422418"}],"wp:featuredmedia":[{"embeddable":true,"href":"https:\/\/raktoras.lt\/ru\/wp-json\/wp\/v2\/media\/416668"}],"wp:attachment":[{"href":"https:\/\/raktoras.lt\/ru\/wp-json\/wp\/v2\/media?parent=409496"}],"wp:term":[{"taxonomy":"product_cat","embeddable":true,"href":"https:\/\/raktoras.lt\/ru\/wp-json\/wp\/v2\/product_cat?post=409496"},{"taxonomy":"product_tag","embeddable":true,"href":"https:\/\/raktoras.lt\/ru\/wp-json\/wp\/v2\/product_tag?post=409496"}],"curies":[{"name":"wp","href":"https:\/\/api.w.org\/{rel}","templated":true}]}}