{"id":409552,"date":"2025-08-18T17:26:37","date_gmt":"2025-08-18T17:26:37","guid":{"rendered":"https:\/\/raktoras.lt\/product\/stabdziu-sistemos-nuorinimo-irankis\/"},"modified":"2026-01-03T00:14:46","modified_gmt":"2026-01-03T00:14:46","slug":"stabdziu-sistemos-nuorinimo-irankis","status":"publish","type":"product","link":"https:\/\/raktoras.lt\/ru\/product\/stabdziu-sistemos-nuorinimo-irankis\/","title":{"rendered":"Stabd\u017ei\u0173 sistemos nuorinimo \u012frankis"},"content":{"rendered":"<p>Greitas ir lengvas stabd\u017ei\u0173 nuorinimas panaudojant rato padangos or\u0105<\/p>\n<p>\tTalpa 500 ml<br \/>\n\tMax oro sl\u0117gis 20 psi<br \/>\n\tPritaikytas ir ABS stabd\u017ei\u0173 sistemai<\/p>\n<p>\tAdapteriai:<br \/>\n\t1 vnt. 25 mm dangtelis su tarpine<br \/>\n\t1 vnt. 27 mm dangtelis su tarpine<br \/>\n\t1 vnt. 44\/45 mm dangtelis su 2 tarpin\u0117mis<br \/>\n\t1 vnt. 46 mm dangtelis su tarpine<br \/>\n\t2 vnt. \u017darnel\u0117<\/p>","protected":false},"excerpt":{"rendered":"<p>Greitas ir lengvas stabd\u017ei\u0173 nuorinimas panaudojant rato padangos or\u0105 Talpa 500 ml Max oro sl\u0117gis 20 psi Pritaikytas ir ABS stabd\u017ei\u0173 sistemai Adapteriai: 1 vnt. 25 mm dangtelis su tarpine<\/p>","protected":false},"featured_media":416696,"comment_status":"closed","ping_status":"closed","template":"","meta":[],"product_cat":[11095,11103,10287],"product_tag":[],"class_list":{"0":"post-409552","1":"product","2":"type-product","3":"status-publish","4":"has-post-thumbnail","6":"product_brand-ellient-tools","7":"product_cat-autoservisu-iranga-prekiu-katalogas","8":"product_cat-irankiai-stabdziu-remontui-autoservisu-iranga-prekiu-katalogas","9":"product_cat-prekiu-katalogas","11":"first","12":"instock","13":"purchasable","14":"product-type-simple"},"jetpack_sharing_enabled":true,"_links":{"self":[{"href":"https:\/\/raktoras.lt\/ru\/wp-json\/wp\/v2\/product\/409552","targetHints":{"allow":["GET"]}}],"collection":[{"href":"https:\/\/raktoras.lt\/ru\/wp-json\/wp\/v2\/product"}],"about":[{"href":"https:\/\/raktoras.lt\/ru\/wp-json\/wp\/v2\/types\/product"}],"replies":[{"embeddable":true,"href":"https:\/\/raktoras.lt\/ru\/wp-json\/wp\/v2\/comments?post=409552"}],"version-history":[{"count":1,"href":"https:\/\/raktoras.lt\/ru\/wp-json\/wp\/v2\/product\/409552\/revisions"}],"predecessor-version":[{"id":409553,"href":"https:\/\/raktoras.lt\/ru\/wp-json\/wp\/v2\/product\/409552\/revisions\/409553"}],"wp:featuredmedia":[{"embeddable":true,"href":"https:\/\/raktoras.lt\/ru\/wp-json\/wp\/v2\/media\/416696"}],"wp:attachment":[{"href":"https:\/\/raktoras.lt\/ru\/wp-json\/wp\/v2\/media?parent=409552"}],"wp:term":[{"taxonomy":"product_cat","embeddable":true,"href":"https:\/\/raktoras.lt\/ru\/wp-json\/wp\/v2\/product_cat?post=409552"},{"taxonomy":"product_tag","embeddable":true,"href":"https:\/\/raktoras.lt\/ru\/wp-json\/wp\/v2\/product_tag?post=409552"}],"curies":[{"name":"wp","href":"https:\/\/api.w.org\/{rel}","templated":true}]}}