{"id":409578,"date":"2025-08-18T17:26:43","date_gmt":"2025-08-18T17:26:43","guid":{"rendered":"https:\/\/raktoras.lt\/product\/1-4-x-1-4-antgalio-laikiklis\/"},"modified":"2026-01-03T00:14:20","modified_gmt":"2026-01-03T00:14:20","slug":"1-4-x-1-4-antgalio-laikiklis","status":"publish","type":"product","link":"https:\/\/raktoras.lt\/ru\/product\/1-4-x-1-4-antgalio-laikiklis\/","title":{"rendered":"1\/4&#8243; x 1\/4&#8243;  Antgalio laikiklis"},"content":{"rendered":"<p>1\/4&quot; x 1\/4&quot;<br \/>\n\tANSI B107.10M<br \/>\n\t&nbsp;<\/p>","protected":false},"excerpt":{"rendered":"<p><strong>Draud\u017eiama \u0161ias galvutes naudoti su j\u0117gos atsuktuvais ir sm\u016bginiais raktais!<\/p>\n<p>\t<\/strong><\/p>","protected":false},"featured_media":416709,"comment_status":"closed","ping_status":"closed","template":"","meta":[],"product_cat":[11089,11090,10287,11080],"product_tag":[],"class_list":{"0":"post-409578","1":"product","2":"type-product","3":"status-publish","4":"has-post-thumbnail","6":"product_brand-sata","7":"product_cat-atsuktuvai-antgaliai-laikikliai-rankiniai-irankiai","8":"product_cat-atsuktuvu-galvuciu-antgaliai-ir-rinkiniai-atsuktuvai-antgaliai-laikikliai-rankiniai-irankiai","9":"product_cat-prekiu-katalogas","10":"product_cat-rankiniai-irankiai","12":"first","13":"instock","14":"purchasable","15":"product-type-simple"},"jetpack_sharing_enabled":true,"_links":{"self":[{"href":"https:\/\/raktoras.lt\/ru\/wp-json\/wp\/v2\/product\/409578","targetHints":{"allow":["GET"]}}],"collection":[{"href":"https:\/\/raktoras.lt\/ru\/wp-json\/wp\/v2\/product"}],"about":[{"href":"https:\/\/raktoras.lt\/ru\/wp-json\/wp\/v2\/types\/product"}],"replies":[{"embeddable":true,"href":"https:\/\/raktoras.lt\/ru\/wp-json\/wp\/v2\/comments?post=409578"}],"version-history":[{"count":1,"href":"https:\/\/raktoras.lt\/ru\/wp-json\/wp\/v2\/product\/409578\/revisions"}],"predecessor-version":[{"id":409579,"href":"https:\/\/raktoras.lt\/ru\/wp-json\/wp\/v2\/product\/409578\/revisions\/409579"}],"wp:featuredmedia":[{"embeddable":true,"href":"https:\/\/raktoras.lt\/ru\/wp-json\/wp\/v2\/media\/416709"}],"wp:attachment":[{"href":"https:\/\/raktoras.lt\/ru\/wp-json\/wp\/v2\/media?parent=409578"}],"wp:term":[{"taxonomy":"product_cat","embeddable":true,"href":"https:\/\/raktoras.lt\/ru\/wp-json\/wp\/v2\/product_cat?post=409578"},{"taxonomy":"product_tag","embeddable":true,"href":"https:\/\/raktoras.lt\/ru\/wp-json\/wp\/v2\/product_tag?post=409578"}],"curies":[{"name":"wp","href":"https:\/\/api.w.org\/{rel}","templated":true}]}}