{"id":409760,"date":"2025-08-18T17:27:19","date_gmt":"2025-08-18T17:27:19","guid":{"rendered":"https:\/\/raktoras.lt\/product\/vakuumo-slegio-matuoklis-stabdziu-skysciui\/"},"modified":"2025-10-26T14:16:43","modified_gmt":"2025-10-26T14:16:43","slug":"vakuumo-slegio-matuoklis-stabdziu-skysciui","status":"publish","type":"product","link":"https:\/\/raktoras.lt\/ru\/product\/vakuumo-slegio-matuoklis-stabdziu-skysciui\/","title":{"rendered":"Vakuumo\/sl\u0117gio matuoklis stabd\u017ei\u0173 skys\u010diui"},"content":{"rendered":"<p>Daugiafunkcinis matuoklis skirtas matuoti ir diagnozuoti pagrindines variklio ir su juo susijusi\u0173 \u012frengini\u0173 funkcijas &#8211; kuro, u\u017edegimo, transmisijos, emisijos, oro kondicionavimo<\/p>\n<p>\tRinkinyje yra talpa, \u017earnel\u0117s ir adapteriai stabd\u017ei\u0173 skys\u010dio nuleidimui<\/p>","protected":false},"excerpt":{"rendered":"<p>Daugiafunkcinis matuoklis skirtas matuoti ir diagnozuoti pagrindines variklio ir su juo susijusi\u0173 \u012frengini\u0173 funkcijas &#8211; kuro, u\u017edegimo, transmisijos, emisijos, oro kondicionavimo Rinkinyje yra talpa, \u017earnel\u0117s ir adapteriai stabd\u017ei\u0173 skys\u010dio nuleidimui<\/p>","protected":false},"featured_media":416800,"comment_status":"closed","ping_status":"open","template":"","meta":[],"product_cat":[11095,11328,10287],"product_tag":[],"class_list":{"0":"post-409760","1":"product","2":"type-product","3":"status-publish","4":"has-post-thumbnail","6":"product_brand-ellient-tools","7":"product_cat-autoservisu-iranga-prekiu-katalogas","8":"product_cat-diagnostika-testeriai-matuokliai-autoservisu-iranga-prekiu-katalogas","9":"product_cat-prekiu-katalogas","11":"first","12":"instock","13":"purchasable","14":"product-type-simple"},"jetpack_sharing_enabled":true,"_links":{"self":[{"href":"https:\/\/raktoras.lt\/ru\/wp-json\/wp\/v2\/product\/409760","targetHints":{"allow":["GET"]}}],"collection":[{"href":"https:\/\/raktoras.lt\/ru\/wp-json\/wp\/v2\/product"}],"about":[{"href":"https:\/\/raktoras.lt\/ru\/wp-json\/wp\/v2\/types\/product"}],"replies":[{"embeddable":true,"href":"https:\/\/raktoras.lt\/ru\/wp-json\/wp\/v2\/comments?post=409760"}],"version-history":[{"count":1,"href":"https:\/\/raktoras.lt\/ru\/wp-json\/wp\/v2\/product\/409760\/revisions"}],"predecessor-version":[{"id":409761,"href":"https:\/\/raktoras.lt\/ru\/wp-json\/wp\/v2\/product\/409760\/revisions\/409761"}],"wp:featuredmedia":[{"embeddable":true,"href":"https:\/\/raktoras.lt\/ru\/wp-json\/wp\/v2\/media\/416800"}],"wp:attachment":[{"href":"https:\/\/raktoras.lt\/ru\/wp-json\/wp\/v2\/media?parent=409760"}],"wp:term":[{"taxonomy":"product_cat","embeddable":true,"href":"https:\/\/raktoras.lt\/ru\/wp-json\/wp\/v2\/product_cat?post=409760"},{"taxonomy":"product_tag","embeddable":true,"href":"https:\/\/raktoras.lt\/ru\/wp-json\/wp\/v2\/product_tag?post=409760"}],"curies":[{"name":"wp","href":"https:\/\/api.w.org\/{rel}","templated":true}]}}