{"id":409776,"date":"2025-08-18T17:27:19","date_gmt":"2025-08-18T17:27:19","guid":{"rendered":"https:\/\/raktoras.lt\/product\/stabdziu-cilindru-suspaudejas\/"},"modified":"2026-01-03T00:22:15","modified_gmt":"2026-01-03T00:22:15","slug":"stabdziu-cilindru-suspaudejas","status":"publish","type":"product","link":"https:\/\/raktoras.lt\/ru\/product\/stabdziu-cilindru-suspaudejas\/","title":{"rendered":"Stabd\u017ei\u0173 cilindr\u0173 suspaud\u0117jas"},"content":{"rendered":"<p>\n\tGali b\u016bti naudojamas su 1\/2&quot; terk\u0161le ar raktu<br \/>\n\tSkirta: Alfa, Audi, Fiat, Ford, Nissan, Peugeot, Renault, Rover, Vauxhall\/Opel, VW, Porsche<\/p>","protected":false},"excerpt":{"rendered":"<p>Gali b\u016bti naudojamas su 1\/2&quot; terk\u0161le ar raktu Skirta: Alfa, Audi, Fiat, Ford, Nissan, Peugeot, Renault, Rover, Vauxhall\/Opel, VW, Porsche<\/p>","protected":false},"featured_media":416808,"comment_status":"closed","ping_status":"closed","template":"","meta":[],"product_cat":[11095,11103,10287],"product_tag":[],"class_list":{"0":"post-409776","1":"product","2":"type-product","3":"status-publish","4":"has-post-thumbnail","6":"product_brand-ellient-tools","7":"product_cat-autoservisu-iranga-prekiu-katalogas","8":"product_cat-irankiai-stabdziu-remontui-autoservisu-iranga-prekiu-katalogas","9":"product_cat-prekiu-katalogas","11":"first","12":"instock","13":"purchasable","14":"product-type-simple"},"jetpack_sharing_enabled":true,"_links":{"self":[{"href":"https:\/\/raktoras.lt\/ru\/wp-json\/wp\/v2\/product\/409776","targetHints":{"allow":["GET"]}}],"collection":[{"href":"https:\/\/raktoras.lt\/ru\/wp-json\/wp\/v2\/product"}],"about":[{"href":"https:\/\/raktoras.lt\/ru\/wp-json\/wp\/v2\/types\/product"}],"replies":[{"embeddable":true,"href":"https:\/\/raktoras.lt\/ru\/wp-json\/wp\/v2\/comments?post=409776"}],"version-history":[{"count":1,"href":"https:\/\/raktoras.lt\/ru\/wp-json\/wp\/v2\/product\/409776\/revisions"}],"predecessor-version":[{"id":409777,"href":"https:\/\/raktoras.lt\/ru\/wp-json\/wp\/v2\/product\/409776\/revisions\/409777"}],"wp:featuredmedia":[{"embeddable":true,"href":"https:\/\/raktoras.lt\/ru\/wp-json\/wp\/v2\/media\/416808"}],"wp:attachment":[{"href":"https:\/\/raktoras.lt\/ru\/wp-json\/wp\/v2\/media?parent=409776"}],"wp:term":[{"taxonomy":"product_cat","embeddable":true,"href":"https:\/\/raktoras.lt\/ru\/wp-json\/wp\/v2\/product_cat?post=409776"},{"taxonomy":"product_tag","embeddable":true,"href":"https:\/\/raktoras.lt\/ru\/wp-json\/wp\/v2\/product_tag?post=409776"}],"curies":[{"name":"wp","href":"https:\/\/api.w.org\/{rel}","templated":true}]}}