{"id":409806,"date":"2025-08-18T17:27:27","date_gmt":"2025-08-18T17:27:27","guid":{"rendered":"https:\/\/raktoras.lt\/product\/ratu-asies-galvute-133-145mm-man-tga\/"},"modified":"2025-10-27T18:12:19","modified_gmt":"2025-10-27T18:12:19","slug":"ratu-asies-galvute-133-145mm-man-tga","status":"publish","type":"product","link":"https:\/\/raktoras.lt\/ru\/product\/ratu-asies-galvute-133-145mm-man-tga\/","title":{"rendered":"Rat\u0173 a\u0161ies galvut\u0117 133\/145mm MAN TGA"},"content":{"rendered":"<p>Naudojamas \u012frankis 60 mm HEX<br \/>\n\tVidinis &Oslash; 133 mm<br \/>\n\tI\u0161orinis &Oslash; 145 mm<\/p>","protected":false},"excerpt":{"rendered":"<p>Naudojamas \u012frankis 60 mm HEX Vidinis &Oslash; 133 mm I\u0161orinis &Oslash; 145 mm<\/p>","protected":false},"featured_media":416823,"comment_status":"closed","ping_status":"closed","template":"","meta":[],"product_cat":[11095,10287,11214],"product_tag":[],"class_list":{"0":"post-409806","1":"product","2":"type-product","3":"status-publish","4":"has-post-thumbnail","6":"product_brand-ellient-tools","7":"product_cat-autoservisu-iranga-prekiu-katalogas","8":"product_cat-prekiu-katalogas","9":"product_cat-spec-galvutes-autoservisu-iranga-prekiu-katalogas","11":"first","12":"outofstock","13":"purchasable","14":"product-type-simple"},"jetpack_sharing_enabled":true,"_links":{"self":[{"href":"https:\/\/raktoras.lt\/ru\/wp-json\/wp\/v2\/product\/409806","targetHints":{"allow":["GET"]}}],"collection":[{"href":"https:\/\/raktoras.lt\/ru\/wp-json\/wp\/v2\/product"}],"about":[{"href":"https:\/\/raktoras.lt\/ru\/wp-json\/wp\/v2\/types\/product"}],"replies":[{"embeddable":true,"href":"https:\/\/raktoras.lt\/ru\/wp-json\/wp\/v2\/comments?post=409806"}],"version-history":[{"count":1,"href":"https:\/\/raktoras.lt\/ru\/wp-json\/wp\/v2\/product\/409806\/revisions"}],"predecessor-version":[{"id":409807,"href":"https:\/\/raktoras.lt\/ru\/wp-json\/wp\/v2\/product\/409806\/revisions\/409807"}],"wp:featuredmedia":[{"embeddable":true,"href":"https:\/\/raktoras.lt\/ru\/wp-json\/wp\/v2\/media\/416823"}],"wp:attachment":[{"href":"https:\/\/raktoras.lt\/ru\/wp-json\/wp\/v2\/media?parent=409806"}],"wp:term":[{"taxonomy":"product_cat","embeddable":true,"href":"https:\/\/raktoras.lt\/ru\/wp-json\/wp\/v2\/product_cat?post=409806"},{"taxonomy":"product_tag","embeddable":true,"href":"https:\/\/raktoras.lt\/ru\/wp-json\/wp\/v2\/product_tag?post=409806"}],"curies":[{"name":"wp","href":"https:\/\/api.w.org\/{rel}","templated":true}]}}