{"id":409888,"date":"2025-08-18T17:27:39","date_gmt":"2025-08-18T17:27:39","guid":{"rendered":"https:\/\/raktoras.lt\/product\/dyzeliniu-varikliu-bosch-delphi-denso-ipursk-sist-testeriai\/"},"modified":"2025-10-26T14:16:42","modified_gmt":"2025-10-26T14:16:42","slug":"dyzeliniu-varikliu-bosch-delphi-denso-ipursk-sist-testeriai","status":"publish","type":"product","link":"https:\/\/raktoras.lt\/ru\/product\/dyzeliniu-varikliu-bosch-delphi-denso-ipursk-sist-testeriai\/","title":{"rendered":"Dyzelini\u0173 varikli\u0173 Bosch\/Delphi\/Denso \u012fpur\u0161k. sist. testeriai"},"content":{"rendered":"<p>1 vnt. Plastikini\u0173 indeli\u0173 laikiklis su kabliu<br \/>\n\t6 vnt. Plastikinis indelis 100 ml su kurui atsparia pajungimo \u017earna<br \/>\n\t6 vnt. Menz\u016br\u0117l\u0117 su greito pajungimo mova<br \/>\n\t6 vnt. Adapteris \u017ealvarinis BOSCH<br \/>\n\t6 vnt. Adapteris \u017ealvarinis SIEMENS<br \/>\n\t6 vnt. Adapteris \u017ealvarinis DENSO<br \/>\n\t6 vnt. Adapteris plastikinis DELPHI<\/p>","protected":false},"excerpt":{"rendered":"<p>1 vnt. Plastikini\u0173 indeli\u0173 laikiklis su kabliu 6 vnt. Plastikinis indelis 100 ml su kurui atsparia pajungimo \u017earna 6 vnt. Menz\u016br\u0117l\u0117 su greito pajungimo mova 6 vnt. Adapteris \u017ealvarinis BOSCH<\/p>","protected":false},"featured_media":416864,"comment_status":"closed","ping_status":"open","template":"","meta":[],"product_cat":[11095,11328,10287],"product_tag":[],"class_list":{"0":"post-409888","1":"product","2":"type-product","3":"status-publish","4":"has-post-thumbnail","6":"product_cat-autoservisu-iranga-prekiu-katalogas","7":"product_cat-diagnostika-testeriai-matuokliai-autoservisu-iranga-prekiu-katalogas","8":"product_cat-prekiu-katalogas","10":"first","11":"instock","12":"purchasable","13":"product-type-simple"},"jetpack_sharing_enabled":true,"_links":{"self":[{"href":"https:\/\/raktoras.lt\/ru\/wp-json\/wp\/v2\/product\/409888","targetHints":{"allow":["GET"]}}],"collection":[{"href":"https:\/\/raktoras.lt\/ru\/wp-json\/wp\/v2\/product"}],"about":[{"href":"https:\/\/raktoras.lt\/ru\/wp-json\/wp\/v2\/types\/product"}],"replies":[{"embeddable":true,"href":"https:\/\/raktoras.lt\/ru\/wp-json\/wp\/v2\/comments?post=409888"}],"version-history":[{"count":1,"href":"https:\/\/raktoras.lt\/ru\/wp-json\/wp\/v2\/product\/409888\/revisions"}],"predecessor-version":[{"id":409889,"href":"https:\/\/raktoras.lt\/ru\/wp-json\/wp\/v2\/product\/409888\/revisions\/409889"}],"wp:featuredmedia":[{"embeddable":true,"href":"https:\/\/raktoras.lt\/ru\/wp-json\/wp\/v2\/media\/416864"}],"wp:attachment":[{"href":"https:\/\/raktoras.lt\/ru\/wp-json\/wp\/v2\/media?parent=409888"}],"wp:term":[{"taxonomy":"product_cat","embeddable":true,"href":"https:\/\/raktoras.lt\/ru\/wp-json\/wp\/v2\/product_cat?post=409888"},{"taxonomy":"product_tag","embeddable":true,"href":"https:\/\/raktoras.lt\/ru\/wp-json\/wp\/v2\/product_tag?post=409888"}],"curies":[{"name":"wp","href":"https:\/\/api.w.org\/{rel}","templated":true}]}}