{"id":410106,"date":"2025-08-18T17:28:27","date_gmt":"2025-08-18T17:28:27","guid":{"rendered":"https:\/\/raktoras.lt\/product\/hidraulinis-keltuvas-zirklinis-3-0t\/"},"modified":"2025-10-18T13:28:05","modified_gmt":"2025-10-18T13:28:05","slug":"hidraulinis-keltuvas-zirklinis-3-0t","status":"publish","type":"product","link":"https:\/\/raktoras.lt\/ru\/product\/hidraulinis-keltuvas-zirklinis-3-0t\/","title":{"rendered":"Hidraulinis keltuvas \u017eirklinis, 3.0t"},"content":{"rendered":"<p>Galingumas 3.0 t<br \/>\nPneumatinis fiksavimas<br \/>\nK\u0117limo auk\u0161tis 960 mm<br \/>\nMin auk\u0161tis 105 mm<br \/>\nPlatformos ilgis x plotis 1450 x 480 mm<br \/>\nGabaritiniai matmenys 2020 x 1760 x 960 mm<br \/>\nOro sl\u0117gis 6 &#8211; 8 bar<br \/>\nPak\u0117limo\/nuleidimo laikas &lt;30 s<br \/>\nVariklis 2.2 kW, 380 V<br \/>\nDarbin\u0117 temperat\u016bra 5\u00b0 C +40\u00b0 C<br \/>\nTriuk\u0161mo lygis &lt;70 dB<br \/>\nAlyvos talpa ir r\u016b\u0161is 15 l ISO VG 32\/46<br \/>\nSvoris 519 kg<br \/>\nCE atitiktis<br \/>\n12 m\u0117nesi\u0173 garantija<\/p>","protected":false},"excerpt":{"rendered":"<p>Galingumas 3.0 t Pneumatinis fiksavimas K\u0117limo auk\u0161tis 960 mm Min auk\u0161tis 105 mm Platformos ilgis x plotis 1450 x 480 mm Gabaritiniai matmenys 2020 x 1760 x 960 mm Oro<\/p>","protected":false},"featured_media":416973,"comment_status":"closed","ping_status":"closed","template":"","meta":[],"product_cat":[11326,11095,10287,11415],"product_tag":[],"class_list":{"0":"post-410106","1":"product","2":"type-product","3":"status-publish","4":"has-post-thumbnail","6":"product_brand-puli","7":"product_cat-automobiliu-motociklu-keltuvai-autoservisu-iranga-prekiu-katalogas","8":"product_cat-autoservisu-iranga-prekiu-katalogas","9":"product_cat-prekiu-katalogas","10":"product_cat-zirkliniai-keltuvai-automobiliu-motociklu-keltuvai-autoservisu-iranga-prekiu-katalogas","12":"first","13":"instock","14":"purchasable","15":"product-type-simple"},"jetpack_sharing_enabled":true,"_links":{"self":[{"href":"https:\/\/raktoras.lt\/ru\/wp-json\/wp\/v2\/product\/410106","targetHints":{"allow":["GET"]}}],"collection":[{"href":"https:\/\/raktoras.lt\/ru\/wp-json\/wp\/v2\/product"}],"about":[{"href":"https:\/\/raktoras.lt\/ru\/wp-json\/wp\/v2\/types\/product"}],"replies":[{"embeddable":true,"href":"https:\/\/raktoras.lt\/ru\/wp-json\/wp\/v2\/comments?post=410106"}],"version-history":[{"count":2,"href":"https:\/\/raktoras.lt\/ru\/wp-json\/wp\/v2\/product\/410106\/revisions"}],"predecessor-version":[{"id":420880,"href":"https:\/\/raktoras.lt\/ru\/wp-json\/wp\/v2\/product\/410106\/revisions\/420880"}],"wp:featuredmedia":[{"embeddable":true,"href":"https:\/\/raktoras.lt\/ru\/wp-json\/wp\/v2\/media\/416973"}],"wp:attachment":[{"href":"https:\/\/raktoras.lt\/ru\/wp-json\/wp\/v2\/media?parent=410106"}],"wp:term":[{"taxonomy":"product_cat","embeddable":true,"href":"https:\/\/raktoras.lt\/ru\/wp-json\/wp\/v2\/product_cat?post=410106"},{"taxonomy":"product_tag","embeddable":true,"href":"https:\/\/raktoras.lt\/ru\/wp-json\/wp\/v2\/product_tag?post=410106"}],"curies":[{"name":"wp","href":"https:\/\/api.w.org\/{rel}","templated":true}]}}