{"id":410108,"date":"2025-08-18T17:28:27","date_gmt":"2025-08-18T17:28:27","guid":{"rendered":"https:\/\/raktoras.lt\/product\/hidraulinis-keltuvas-zirklinis-su-elektromagnetiniu-fiksavimu-3-0t\/"},"modified":"2025-10-18T13:29:54","modified_gmt":"2025-10-18T13:29:54","slug":"hidraulinis-keltuvas-zirklinis-su-elektromagnetiniu-fiksavimu-3-0t","status":"publish","type":"product","link":"https:\/\/raktoras.lt\/ru\/product\/hidraulinis-keltuvas-zirklinis-su-elektromagnetiniu-fiksavimu-3-0t\/","title":{"rendered":"Hidraulinis keltuvas \u017eirklinis su elektromagnetiniu fiksavimu, 3.0t"},"content":{"rendered":"<p>Galingumas 3.0 t<br \/>\nElektromagnetinis fiksavimas<br \/>\nK\u0117limo auk\u0161tis 960 mm<br \/>\nMin auk\u0161tis 115 mm<br \/>\nPlatformos ilgis x plotis 1480 x 480 mm<br \/>\nPak\u0117limo\/nuleidimo laikas &lt;35 s<br \/>\nGabaritiniai matmenys 2080 x 1810 x 960 mm<br \/>\nVariklis 2.2 kW<br \/>\nAlyvos talpa ir r\u016b\u0161is 6 l ISO VG 32\/46<br \/>\nDarbin\u0117 temperat\u016bra 5\u00b0 C +40\u00b0 C<br \/>\nSvoris 513.5 kg<br \/>\nCE atitiktis<br \/>\n12 m\u0117nesi\u0173 garantija<\/p>\n<p>380v<\/p>","protected":false},"excerpt":{"rendered":"<p>Galingumas 3.0 t Elektromagnetinis fiksavimas K\u0117limo auk\u0161tis 960 mm Min auk\u0161tis 115 mm Platformos ilgis x plotis 1480 x 480 mm Pak\u0117limo\/nuleidimo laikas &lt;35 s Gabaritiniai matmenys 2080 x 1810<\/p>","protected":false},"featured_media":416974,"comment_status":"closed","ping_status":"closed","template":"","meta":[],"product_cat":[11326,11095,10287,11415],"product_tag":[],"class_list":{"0":"post-410108","1":"product","2":"type-product","3":"status-publish","4":"has-post-thumbnail","6":"product_brand-puli","7":"product_cat-automobiliu-motociklu-keltuvai-autoservisu-iranga-prekiu-katalogas","8":"product_cat-autoservisu-iranga-prekiu-katalogas","9":"product_cat-prekiu-katalogas","10":"product_cat-zirkliniai-keltuvai-automobiliu-motociklu-keltuvai-autoservisu-iranga-prekiu-katalogas","11":"pa_parametrai-3-0t-380v","13":"first","14":"instock","15":"purchasable","16":"product-type-simple"},"jetpack_sharing_enabled":true,"_links":{"self":[{"href":"https:\/\/raktoras.lt\/ru\/wp-json\/wp\/v2\/product\/410108","targetHints":{"allow":["GET"]}}],"collection":[{"href":"https:\/\/raktoras.lt\/ru\/wp-json\/wp\/v2\/product"}],"about":[{"href":"https:\/\/raktoras.lt\/ru\/wp-json\/wp\/v2\/types\/product"}],"replies":[{"embeddable":true,"href":"https:\/\/raktoras.lt\/ru\/wp-json\/wp\/v2\/comments?post=410108"}],"version-history":[{"count":2,"href":"https:\/\/raktoras.lt\/ru\/wp-json\/wp\/v2\/product\/410108\/revisions"}],"predecessor-version":[{"id":420882,"href":"https:\/\/raktoras.lt\/ru\/wp-json\/wp\/v2\/product\/410108\/revisions\/420882"}],"wp:featuredmedia":[{"embeddable":true,"href":"https:\/\/raktoras.lt\/ru\/wp-json\/wp\/v2\/media\/416974"}],"wp:attachment":[{"href":"https:\/\/raktoras.lt\/ru\/wp-json\/wp\/v2\/media?parent=410108"}],"wp:term":[{"taxonomy":"product_cat","embeddable":true,"href":"https:\/\/raktoras.lt\/ru\/wp-json\/wp\/v2\/product_cat?post=410108"},{"taxonomy":"product_tag","embeddable":true,"href":"https:\/\/raktoras.lt\/ru\/wp-json\/wp\/v2\/product_tag?post=410108"}],"curies":[{"name":"wp","href":"https:\/\/api.w.org\/{rel}","templated":true}]}}