{"id":410210,"date":"2025-08-18T17:28:52","date_gmt":"2025-08-18T17:28:52","guid":{"rendered":"https:\/\/raktoras.lt\/product\/traukiu-ir-sarnyru-nuemeju-rinkinys-5vnt\/"},"modified":"2025-10-27T16:41:12","modified_gmt":"2025-10-27T16:41:12","slug":"traukiu-ir-sarnyru-nuemeju-rinkinys-5vnt","status":"publish","type":"product","link":"https:\/\/raktoras.lt\/ru\/product\/traukiu-ir-sarnyru-nuemeju-rinkinys-5vnt\/","title":{"rendered":"Trauki\u0173 ir \u0161arnyr\u0173 nu\u0117m\u0117j\u0173 rinkinys 5vnt."},"content":{"rendered":"<p>1 vnt. Vairo trauki\u0173\/Trauki\u0173 antgali\u0173 nu\u0117miklis<br \/>\n\t1 vnt. \u0160arnyr\u0173 atskyriklis<br \/>\n\t1 vnt. Vairo trauki\u0173 nu\u0117miklis<br \/>\n\t1 vnt. \u0160arnyr\u0173\/Trauki\u0173 antgali\u0173 nu\u0117miklis<br \/>\n\t1 vnt. Trauki\u0173 antgali\u0173\/Guoli\u0173 \u017eied\u0173 nu\u0117miklis<\/p>","protected":false},"excerpt":{"rendered":"<p>1 vnt. Vairo trauki\u0173\/Trauki\u0173 antgali\u0173 nu\u0117miklis 1 vnt. \u0160arnyr\u0173 atskyriklis 1 vnt. Vairo trauki\u0173 nu\u0117miklis 1 vnt. \u0160arnyr\u0173\/Trauki\u0173 antgali\u0173 nu\u0117miklis 1 vnt. Trauki\u0173 antgali\u0173\/Guoli\u0173 \u017eied\u0173 nu\u0117miklis<\/p>","protected":false},"featured_media":417025,"comment_status":"closed","ping_status":"open","template":"","meta":[],"product_cat":[11095,11229,10287,11318],"product_tag":[],"class_list":{"0":"post-410210","1":"product","2":"type-product","3":"status-publish","4":"has-post-thumbnail","6":"product_cat-autoservisu-iranga-prekiu-katalogas","7":"product_cat-nuemikliai-autoservisu-iranga-prekiu-katalogas","8":"product_cat-prekiu-katalogas","9":"product_cat-sarnyru-traukiu-antgaliu-nuemikliai-nuemikliai-autoservisu-iranga-prekiu-katalogas","11":"first","12":"outofstock","13":"purchasable","14":"product-type-simple"},"jetpack_sharing_enabled":true,"_links":{"self":[{"href":"https:\/\/raktoras.lt\/ru\/wp-json\/wp\/v2\/product\/410210","targetHints":{"allow":["GET"]}}],"collection":[{"href":"https:\/\/raktoras.lt\/ru\/wp-json\/wp\/v2\/product"}],"about":[{"href":"https:\/\/raktoras.lt\/ru\/wp-json\/wp\/v2\/types\/product"}],"replies":[{"embeddable":true,"href":"https:\/\/raktoras.lt\/ru\/wp-json\/wp\/v2\/comments?post=410210"}],"version-history":[{"count":1,"href":"https:\/\/raktoras.lt\/ru\/wp-json\/wp\/v2\/product\/410210\/revisions"}],"predecessor-version":[{"id":410211,"href":"https:\/\/raktoras.lt\/ru\/wp-json\/wp\/v2\/product\/410210\/revisions\/410211"}],"wp:featuredmedia":[{"embeddable":true,"href":"https:\/\/raktoras.lt\/ru\/wp-json\/wp\/v2\/media\/417025"}],"wp:attachment":[{"href":"https:\/\/raktoras.lt\/ru\/wp-json\/wp\/v2\/media?parent=410210"}],"wp:term":[{"taxonomy":"product_cat","embeddable":true,"href":"https:\/\/raktoras.lt\/ru\/wp-json\/wp\/v2\/product_cat?post=410210"},{"taxonomy":"product_tag","embeddable":true,"href":"https:\/\/raktoras.lt\/ru\/wp-json\/wp\/v2\/product_tag?post=410210"}],"curies":[{"name":"wp","href":"https:\/\/api.w.org\/{rel}","templated":true}]}}