{"id":410222,"date":"2025-08-18T17:28:52","date_gmt":"2025-08-18T17:28:52","guid":{"rendered":"https:\/\/raktoras.lt\/product\/deguonies-reduktorius-mini-bko-50dm\/"},"modified":"2025-11-17T17:29:51","modified_gmt":"2025-11-17T17:29:51","slug":"deguonies-reduktorius-mini-bko-50dm","status":"publish","type":"product","link":"https:\/\/raktoras.lt\/ru\/product\/deguonies-reduktorius-mini-bko-50dm\/","title":{"rendered":"Deguonies reduktorius mini BKO-50DM"},"content":{"rendered":"<p>\n\tSkirtas deguonies duj\u0173 sl\u0117gio reguliavimui bei automatiniam nustatyto sl\u0117gio palaikymui<br \/>\n\tMax pralaidumas 50m&sup3;\/h<br \/>\n\tMax \u012feinan\u010di\u0173j\u0173 duj\u0173 sl\u0117gis 20MPa (200bar)<br \/>\n\tMax darbinis duj\u0173 sl\u0117gis 1.25MPa (12.5bar)<br \/>\n\tSriegis ant baliono G3\/4<br \/>\n\t\u017darnos &oslash;6mm ir &oslash;9mm<br \/>\n\tStandartas GOST<\/p>","protected":false},"excerpt":{"rendered":"<p>Skirtas deguonies duj\u0173 sl\u0117gio reguliavimui bei automatiniam nustatyto sl\u0117gio palaikymui Max pralaidumas 50m&sup3;\/h Max \u012feinan\u010di\u0173j\u0173 duj\u0173 sl\u0117gis 20MPa (200bar) Max darbinis duj\u0173 sl\u0117gis 1.25MPa (12.5bar) Sriegis ant baliono G3\/4 \u017darnos<\/p>","protected":false},"featured_media":417031,"comment_status":"closed","ping_status":"closed","template":"","meta":[],"product_cat":[10287,11441,11372],"product_tag":[],"class_list":{"0":"post-410222","1":"product","2":"type-product","3":"status-publish","4":"has-post-thumbnail","6":"product_brand-donmet","7":"product_cat-prekiu-katalogas","8":"product_cat-reduktoriai-reguliatoriai-optimizatoriai-zarnos-suvirinimo-iranga","9":"product_cat-suvirinimo-iranga","11":"first","12":"instock","13":"purchasable","14":"product-type-simple"},"jetpack_sharing_enabled":true,"_links":{"self":[{"href":"https:\/\/raktoras.lt\/ru\/wp-json\/wp\/v2\/product\/410222","targetHints":{"allow":["GET"]}}],"collection":[{"href":"https:\/\/raktoras.lt\/ru\/wp-json\/wp\/v2\/product"}],"about":[{"href":"https:\/\/raktoras.lt\/ru\/wp-json\/wp\/v2\/types\/product"}],"replies":[{"embeddable":true,"href":"https:\/\/raktoras.lt\/ru\/wp-json\/wp\/v2\/comments?post=410222"}],"version-history":[{"count":1,"href":"https:\/\/raktoras.lt\/ru\/wp-json\/wp\/v2\/product\/410222\/revisions"}],"predecessor-version":[{"id":410223,"href":"https:\/\/raktoras.lt\/ru\/wp-json\/wp\/v2\/product\/410222\/revisions\/410223"}],"wp:featuredmedia":[{"embeddable":true,"href":"https:\/\/raktoras.lt\/ru\/wp-json\/wp\/v2\/media\/417031"}],"wp:attachment":[{"href":"https:\/\/raktoras.lt\/ru\/wp-json\/wp\/v2\/media?parent=410222"}],"wp:term":[{"taxonomy":"product_cat","embeddable":true,"href":"https:\/\/raktoras.lt\/ru\/wp-json\/wp\/v2\/product_cat?post=410222"},{"taxonomy":"product_tag","embeddable":true,"href":"https:\/\/raktoras.lt\/ru\/wp-json\/wp\/v2\/product_tag?post=410222"}],"curies":[{"name":"wp","href":"https:\/\/api.w.org\/{rel}","templated":true}]}}