{"id":410224,"date":"2025-08-18T17:28:52","date_gmt":"2025-08-18T17:28:52","guid":{"rendered":"https:\/\/raktoras.lt\/product\/deguonies-reduktorius-bko-50dm-4-2\/"},"modified":"2025-11-17T17:30:14","modified_gmt":"2025-11-17T17:30:14","slug":"deguonies-reduktorius-bko-50dm-4-2","status":"publish","type":"product","link":"https:\/\/raktoras.lt\/ru\/product\/deguonies-reduktorius-bko-50dm-4-2\/","title":{"rendered":"Deguonies reduktorius BKO-50DM-4-2"},"content":{"rendered":"<p>\n\tSkirtas deguonies duj\u0173 sl\u0117gio reguliavimui bei automatiniam nustatyto sl\u0117gio palaikymui<br \/>\n\tMax pralaidumas 50 m&sup3;\/h<br \/>\n\tMax \u012feinan\u010di\u0173j\u0173 duj\u0173 sl\u0117gis 20 MPa (200 bar)<br \/>\n\tMax darbinis duj\u0173 sl\u0117gis 1.25 MPa (12.5 bar)<br \/>\n\tSriegis ant baliono G3\/4<br \/>\n\t\u017darnos &oslash; 6 mm ir &oslash; 9 mm<br \/>\n\tStandartas GOST<\/p>","protected":false},"excerpt":{"rendered":"<p>Skirtas deguonies duj\u0173 sl\u0117gio reguliavimui bei automatiniam nustatyto sl\u0117gio palaikymui Max pralaidumas 50 m&sup3;\/h Max \u012feinan\u010di\u0173j\u0173 duj\u0173 sl\u0117gis 20 MPa (200 bar) Max darbinis duj\u0173 sl\u0117gis 1.25 MPa (12.5 bar)<\/p>","protected":false},"featured_media":417032,"comment_status":"closed","ping_status":"closed","template":"","meta":[],"product_cat":[10287,11441,11372],"product_tag":[],"class_list":{"0":"post-410224","1":"product","2":"type-product","3":"status-publish","4":"has-post-thumbnail","6":"product_brand-donmet","7":"product_cat-prekiu-katalogas","8":"product_cat-reduktoriai-reguliatoriai-optimizatoriai-zarnos-suvirinimo-iranga","9":"product_cat-suvirinimo-iranga","11":"first","12":"instock","13":"purchasable","14":"product-type-simple"},"jetpack_sharing_enabled":true,"_links":{"self":[{"href":"https:\/\/raktoras.lt\/ru\/wp-json\/wp\/v2\/product\/410224","targetHints":{"allow":["GET"]}}],"collection":[{"href":"https:\/\/raktoras.lt\/ru\/wp-json\/wp\/v2\/product"}],"about":[{"href":"https:\/\/raktoras.lt\/ru\/wp-json\/wp\/v2\/types\/product"}],"replies":[{"embeddable":true,"href":"https:\/\/raktoras.lt\/ru\/wp-json\/wp\/v2\/comments?post=410224"}],"version-history":[{"count":1,"href":"https:\/\/raktoras.lt\/ru\/wp-json\/wp\/v2\/product\/410224\/revisions"}],"predecessor-version":[{"id":410225,"href":"https:\/\/raktoras.lt\/ru\/wp-json\/wp\/v2\/product\/410224\/revisions\/410225"}],"wp:featuredmedia":[{"embeddable":true,"href":"https:\/\/raktoras.lt\/ru\/wp-json\/wp\/v2\/media\/417032"}],"wp:attachment":[{"href":"https:\/\/raktoras.lt\/ru\/wp-json\/wp\/v2\/media?parent=410224"}],"wp:term":[{"taxonomy":"product_cat","embeddable":true,"href":"https:\/\/raktoras.lt\/ru\/wp-json\/wp\/v2\/product_cat?post=410224"},{"taxonomy":"product_tag","embeddable":true,"href":"https:\/\/raktoras.lt\/ru\/wp-json\/wp\/v2\/product_tag?post=410224"}],"curies":[{"name":"wp","href":"https:\/\/api.w.org\/{rel}","templated":true}]}}