{"id":410232,"date":"2025-08-18T17:29:01","date_gmt":"2025-08-18T17:29:01","guid":{"rendered":"https:\/\/raktoras.lt\/product\/propano-reduktorius-rp-25dm\/"},"modified":"2025-11-17T17:27:24","modified_gmt":"2025-11-17T17:27:24","slug":"propano-reduktorius-rp-25dm","status":"publish","type":"product","link":"https:\/\/raktoras.lt\/ru\/product\/propano-reduktorius-rp-25dm\/","title":{"rendered":"Propano reduktorius RP-25DM"},"content":{"rendered":"<p>\n\tSkirtas propano-butano duj\u0173 sl\u0117gio reguliavimui bei automatiniam nustatyto sl\u0117gio palaikymui<br \/>\n\tMax pralaidumas 5 m&sup3;\/h<br \/>\n\tMax \u012feinan\u010di\u0173j\u0173 duj\u0173 sl\u0117gis 2.5 MPa (25 bar)<br \/>\n\tMax darbinis duj\u0173 sl\u0117gis 0.3 MPa (3 bar)<br \/>\n\t\u017darnos &oslash; 8 mm<br \/>\n\tStandartas ISO 2503<\/p>","protected":false},"excerpt":{"rendered":"<p>Skirtas propano-butano duj\u0173 sl\u0117gio reguliavimui bei automatiniam nustatyto sl\u0117gio palaikymui Max pralaidumas 5 m&sup3;\/h Max \u012feinan\u010di\u0173j\u0173 duj\u0173 sl\u0117gis 2.5 MPa (25 bar) Max darbinis duj\u0173 sl\u0117gis 0.3 MPa (3 bar)<\/p>","protected":false},"featured_media":417036,"comment_status":"closed","ping_status":"closed","template":"","meta":[],"product_cat":[10287,11441,11372],"product_tag":[],"class_list":{"0":"post-410232","1":"product","2":"type-product","3":"status-publish","4":"has-post-thumbnail","6":"product_brand-donmet","7":"product_cat-prekiu-katalogas","8":"product_cat-reduktoriai-reguliatoriai-optimizatoriai-zarnos-suvirinimo-iranga","9":"product_cat-suvirinimo-iranga","11":"first","12":"outofstock","13":"purchasable","14":"product-type-simple"},"jetpack_sharing_enabled":true,"_links":{"self":[{"href":"https:\/\/raktoras.lt\/ru\/wp-json\/wp\/v2\/product\/410232","targetHints":{"allow":["GET"]}}],"collection":[{"href":"https:\/\/raktoras.lt\/ru\/wp-json\/wp\/v2\/product"}],"about":[{"href":"https:\/\/raktoras.lt\/ru\/wp-json\/wp\/v2\/types\/product"}],"replies":[{"embeddable":true,"href":"https:\/\/raktoras.lt\/ru\/wp-json\/wp\/v2\/comments?post=410232"}],"version-history":[{"count":1,"href":"https:\/\/raktoras.lt\/ru\/wp-json\/wp\/v2\/product\/410232\/revisions"}],"predecessor-version":[{"id":410233,"href":"https:\/\/raktoras.lt\/ru\/wp-json\/wp\/v2\/product\/410232\/revisions\/410233"}],"wp:featuredmedia":[{"embeddable":true,"href":"https:\/\/raktoras.lt\/ru\/wp-json\/wp\/v2\/media\/417036"}],"wp:attachment":[{"href":"https:\/\/raktoras.lt\/ru\/wp-json\/wp\/v2\/media?parent=410232"}],"wp:term":[{"taxonomy":"product_cat","embeddable":true,"href":"https:\/\/raktoras.lt\/ru\/wp-json\/wp\/v2\/product_cat?post=410232"},{"taxonomy":"product_tag","embeddable":true,"href":"https:\/\/raktoras.lt\/ru\/wp-json\/wp\/v2\/product_tag?post=410232"}],"curies":[{"name":"wp","href":"https:\/\/api.w.org\/{rel}","templated":true}]}}