{"id":410236,"date":"2025-08-18T17:29:01","date_gmt":"2025-08-18T17:29:01","guid":{"rendered":"https:\/\/raktoras.lt\/product\/universalus-reduktorius-ar-40-u-30-4dm\/"},"modified":"2025-11-17T17:28:10","modified_gmt":"2025-11-17T17:28:10","slug":"universalus-reduktorius-ar-40-u-30-4dm","status":"publish","type":"product","link":"https:\/\/raktoras.lt\/ru\/product\/universalus-reduktorius-ar-40-u-30-4dm\/","title":{"rendered":"Universalus reduktorius AR-40\/U-30-4DM"},"content":{"rendered":"<p>\n\tSkirtas argono\/ anglies dioksido sl\u0117gio reguliavimui bei automatiniam nustatyto sl\u0117gio palaikymui<br \/>\n\tMax \u012feinan\u010di\u0173j\u0173 duj\u0173 sl\u0117gis 20 MPa (200 bar)<br \/>\n\tMin darbinis duj\u0173 sl\u0117gis 0.8 MPa (8 bar)<br \/>\n\tMax pralaidumas:<br \/>\n\tArgonas (raudona skal\u0117) 1.8 m&sup3;\/h (30 l\/min)<br \/>\n\tAnglies dioksidas (CO2) 1.65 m&sup3;\/h (28 l\/min)<br \/>\n\tSriegis ant baliono G3\/4<br \/>\n\t\u017darnos &oslash; 6 mm ir &oslash; 9 mm<br \/>\n\tStandartas GOST<\/p>","protected":false},"excerpt":{"rendered":"<p>Skirtas argono\/ anglies dioksido sl\u0117gio reguliavimui bei automatiniam nustatyto sl\u0117gio palaikymui Max \u012feinan\u010di\u0173j\u0173 duj\u0173 sl\u0117gis 20 MPa (200 bar) Min darbinis duj\u0173 sl\u0117gis 0.8 MPa (8 bar) Max pralaidumas: Argonas<\/p>","protected":false},"featured_media":417038,"comment_status":"closed","ping_status":"closed","template":"","meta":[],"product_cat":[10287,11441,11372],"product_tag":[],"class_list":{"0":"post-410236","1":"product","2":"type-product","3":"status-publish","4":"has-post-thumbnail","6":"product_brand-donmet","7":"product_cat-prekiu-katalogas","8":"product_cat-reduktoriai-reguliatoriai-optimizatoriai-zarnos-suvirinimo-iranga","9":"product_cat-suvirinimo-iranga","11":"first","12":"instock","13":"purchasable","14":"product-type-simple"},"jetpack_sharing_enabled":true,"_links":{"self":[{"href":"https:\/\/raktoras.lt\/ru\/wp-json\/wp\/v2\/product\/410236","targetHints":{"allow":["GET"]}}],"collection":[{"href":"https:\/\/raktoras.lt\/ru\/wp-json\/wp\/v2\/product"}],"about":[{"href":"https:\/\/raktoras.lt\/ru\/wp-json\/wp\/v2\/types\/product"}],"replies":[{"embeddable":true,"href":"https:\/\/raktoras.lt\/ru\/wp-json\/wp\/v2\/comments?post=410236"}],"version-history":[{"count":1,"href":"https:\/\/raktoras.lt\/ru\/wp-json\/wp\/v2\/product\/410236\/revisions"}],"predecessor-version":[{"id":410237,"href":"https:\/\/raktoras.lt\/ru\/wp-json\/wp\/v2\/product\/410236\/revisions\/410237"}],"wp:featuredmedia":[{"embeddable":true,"href":"https:\/\/raktoras.lt\/ru\/wp-json\/wp\/v2\/media\/417038"}],"wp:attachment":[{"href":"https:\/\/raktoras.lt\/ru\/wp-json\/wp\/v2\/media?parent=410236"}],"wp:term":[{"taxonomy":"product_cat","embeddable":true,"href":"https:\/\/raktoras.lt\/ru\/wp-json\/wp\/v2\/product_cat?post=410236"},{"taxonomy":"product_tag","embeddable":true,"href":"https:\/\/raktoras.lt\/ru\/wp-json\/wp\/v2\/product_tag?post=410236"}],"curies":[{"name":"wp","href":"https:\/\/api.w.org\/{rel}","templated":true}]}}