{"id":410272,"date":"2025-08-18T17:29:12","date_gmt":"2025-08-18T17:29:12","guid":{"rendered":"https:\/\/raktoras.lt\/product\/stogo-dangu-degiklis-232\/"},"modified":"2025-11-17T17:09:12","modified_gmt":"2025-11-17T17:09:12","slug":"stogo-dangu-degiklis-232","status":"publish","type":"product","link":"https:\/\/raktoras.lt\/ru\/product\/stogo-dangu-degiklis-232\/","title":{"rendered":"Stogo dang\u0173 degiklis 232"},"content":{"rendered":"<p>\n\tNaudojamos dujos: propanas-butanas, metanas<br \/>\n\tGalingumas (propanas-butanas \/ metanas): 68 \/ 46 KW<br \/>\n\tSrauto reguliavimas sukamu vo\u017etuvu ir paspaud\u017eiama ranken\u0117le<br \/>\n\tL = 560 mm<br \/>\n\t\u017darna &oslash; 9 mm<\/p>","protected":false},"excerpt":{"rendered":"<p>Naudojamos dujos: propanas-butanas, metanas Galingumas (propanas-butanas \/ metanas): 68 \/ 46 KW Srauto reguliavimas sukamu vo\u017etuvu ir paspaud\u017eiama ranken\u0117le L = 560 mm \u017darna &oslash; 9 mm<\/p>","protected":false},"featured_media":417056,"comment_status":"closed","ping_status":"closed","template":"","meta":[],"product_cat":[11440,10287,11372],"product_tag":[],"class_list":{"0":"post-410272","1":"product","2":"type-product","3":"status-publish","4":"has-post-thumbnail","6":"product_brand-donmet","7":"product_cat-dujiniai-plazminiai-pjovikliai-degikliai-dujines-lempos-suvirinimo-iranga","8":"product_cat-prekiu-katalogas","9":"product_cat-suvirinimo-iranga","11":"first","12":"outofstock","13":"purchasable","14":"product-type-simple"},"jetpack_sharing_enabled":true,"_links":{"self":[{"href":"https:\/\/raktoras.lt\/ru\/wp-json\/wp\/v2\/product\/410272","targetHints":{"allow":["GET"]}}],"collection":[{"href":"https:\/\/raktoras.lt\/ru\/wp-json\/wp\/v2\/product"}],"about":[{"href":"https:\/\/raktoras.lt\/ru\/wp-json\/wp\/v2\/types\/product"}],"replies":[{"embeddable":true,"href":"https:\/\/raktoras.lt\/ru\/wp-json\/wp\/v2\/comments?post=410272"}],"version-history":[{"count":1,"href":"https:\/\/raktoras.lt\/ru\/wp-json\/wp\/v2\/product\/410272\/revisions"}],"predecessor-version":[{"id":410273,"href":"https:\/\/raktoras.lt\/ru\/wp-json\/wp\/v2\/product\/410272\/revisions\/410273"}],"wp:featuredmedia":[{"embeddable":true,"href":"https:\/\/raktoras.lt\/ru\/wp-json\/wp\/v2\/media\/417056"}],"wp:attachment":[{"href":"https:\/\/raktoras.lt\/ru\/wp-json\/wp\/v2\/media?parent=410272"}],"wp:term":[{"taxonomy":"product_cat","embeddable":true,"href":"https:\/\/raktoras.lt\/ru\/wp-json\/wp\/v2\/product_cat?post=410272"},{"taxonomy":"product_tag","embeddable":true,"href":"https:\/\/raktoras.lt\/ru\/wp-json\/wp\/v2\/product_tag?post=410272"}],"curies":[{"name":"wp","href":"https:\/\/api.w.org\/{rel}","templated":true}]}}