{"id":410274,"date":"2025-08-18T17:29:12","date_gmt":"2025-08-18T17:29:12","guid":{"rendered":"https:\/\/raktoras.lt\/product\/stogo-dangu-degiklis-232u\/"},"modified":"2025-11-17T17:09:43","modified_gmt":"2025-11-17T17:09:43","slug":"stogo-dangu-degiklis-232u","status":"publish","type":"product","link":"https:\/\/raktoras.lt\/ru\/product\/stogo-dangu-degiklis-232u\/","title":{"rendered":"Stogo dang\u0173 degiklis 232U"},"content":{"rendered":"<p>\n\tNaudojamos dujos: propanas-butanas, metanas<br \/>\n\tGalingumas (propanas-butanas \/ metanas): 68 \/ 46 KW<br \/>\n\tSrauto reguliavimas sukamu vo\u017etuvu ir paspaud\u017eiama ranken\u0117le<br \/>\n\tL = 870 mm<br \/>\n\t\u017darna &oslash; 9 mm<\/p>","protected":false},"excerpt":{"rendered":"<p>Naudojamos dujos: propanas-butanas, metanas Galingumas (propanas-butanas \/ metanas): 68 \/ 46 KW Srauto reguliavimas sukamu vo\u017etuvu ir paspaud\u017eiama ranken\u0117le L = 870 mm \u017darna &oslash; 9 mm<\/p>","protected":false},"featured_media":417057,"comment_status":"closed","ping_status":"closed","template":"","meta":[],"product_cat":[11440,10287,11372],"product_tag":[],"class_list":{"0":"post-410274","1":"product","2":"type-product","3":"status-publish","4":"has-post-thumbnail","6":"product_brand-donmet","7":"product_cat-dujiniai-plazminiai-pjovikliai-degikliai-dujines-lempos-suvirinimo-iranga","8":"product_cat-prekiu-katalogas","9":"product_cat-suvirinimo-iranga","11":"first","12":"instock","13":"purchasable","14":"product-type-simple"},"jetpack_sharing_enabled":true,"_links":{"self":[{"href":"https:\/\/raktoras.lt\/ru\/wp-json\/wp\/v2\/product\/410274","targetHints":{"allow":["GET"]}}],"collection":[{"href":"https:\/\/raktoras.lt\/ru\/wp-json\/wp\/v2\/product"}],"about":[{"href":"https:\/\/raktoras.lt\/ru\/wp-json\/wp\/v2\/types\/product"}],"replies":[{"embeddable":true,"href":"https:\/\/raktoras.lt\/ru\/wp-json\/wp\/v2\/comments?post=410274"}],"version-history":[{"count":1,"href":"https:\/\/raktoras.lt\/ru\/wp-json\/wp\/v2\/product\/410274\/revisions"}],"predecessor-version":[{"id":410275,"href":"https:\/\/raktoras.lt\/ru\/wp-json\/wp\/v2\/product\/410274\/revisions\/410275"}],"wp:featuredmedia":[{"embeddable":true,"href":"https:\/\/raktoras.lt\/ru\/wp-json\/wp\/v2\/media\/417057"}],"wp:attachment":[{"href":"https:\/\/raktoras.lt\/ru\/wp-json\/wp\/v2\/media?parent=410274"}],"wp:term":[{"taxonomy":"product_cat","embeddable":true,"href":"https:\/\/raktoras.lt\/ru\/wp-json\/wp\/v2\/product_cat?post=410274"},{"taxonomy":"product_tag","embeddable":true,"href":"https:\/\/raktoras.lt\/ru\/wp-json\/wp\/v2\/product_tag?post=410274"}],"curies":[{"name":"wp","href":"https:\/\/api.w.org\/{rel}","templated":true}]}}