{"id":410364,"date":"2025-08-18T17:29:29","date_gmt":"2025-08-18T17:29:29","guid":{"rendered":"https:\/\/raktoras.lt\/product\/skaiciu-zymekliu-komplektas-8mm-9vnt\/"},"modified":"2025-09-24T14:32:01","modified_gmt":"2025-09-24T14:32:01","slug":"skaiciu-zymekliu-komplektas-8mm-9vnt","status":"publish","type":"product","link":"https:\/\/raktoras.lt\/ru\/product\/skaiciu-zymekliu-komplektas-8mm-9vnt\/","title":{"rendered":"Skai\u010di\u0173 \u017eymekli\u0173 komplektas 8mm, 9vnt."},"content":{"rendered":"<p>\n\tSkai\u010diaus auk\u0161tis 8 mm<br \/>\n\tMed\u017eiaga Anglinis plienas 1045<br \/>\n\tKietumas (HRC) 50 &#8211; 55 HRC<br \/>\n\tPavir\u0161iaus padengimas &#8211; juodas<\/p>","protected":false},"excerpt":{"rendered":"<p>Skai\u010diaus auk\u0161tis 8 mm Med\u017eiaga Anglinis plienas 1045 Kietumas (HRC) 50 &#8211; 55 HRC Pavir\u0161iaus padengimas &#8211; juodas<\/p>","protected":false},"featured_media":417102,"comment_status":"closed","ping_status":"open","template":"","meta":[],"product_cat":[11367,10287,11478],"product_tag":[],"class_list":{"0":"post-410364","1":"product","2":"type-product","3":"status-publish","4":"has-post-thumbnail","6":"product_brand-yato","7":"product_cat-matavimo-ir-zymejimo-priemones-prekiu-katalogas","8":"product_cat-prekiu-katalogas","9":"product_cat-skaiciu-ir-raidziu-zymekliai-markeriai-piestukai-matavimo-ir-zymejimo-priemones-prekiu-katalogas","11":"first","12":"instock","13":"purchasable","14":"product-type-simple"},"jetpack_sharing_enabled":true,"_links":{"self":[{"href":"https:\/\/raktoras.lt\/ru\/wp-json\/wp\/v2\/product\/410364","targetHints":{"allow":["GET"]}}],"collection":[{"href":"https:\/\/raktoras.lt\/ru\/wp-json\/wp\/v2\/product"}],"about":[{"href":"https:\/\/raktoras.lt\/ru\/wp-json\/wp\/v2\/types\/product"}],"replies":[{"embeddable":true,"href":"https:\/\/raktoras.lt\/ru\/wp-json\/wp\/v2\/comments?post=410364"}],"version-history":[{"count":1,"href":"https:\/\/raktoras.lt\/ru\/wp-json\/wp\/v2\/product\/410364\/revisions"}],"predecessor-version":[{"id":410365,"href":"https:\/\/raktoras.lt\/ru\/wp-json\/wp\/v2\/product\/410364\/revisions\/410365"}],"wp:featuredmedia":[{"embeddable":true,"href":"https:\/\/raktoras.lt\/ru\/wp-json\/wp\/v2\/media\/417102"}],"wp:attachment":[{"href":"https:\/\/raktoras.lt\/ru\/wp-json\/wp\/v2\/media?parent=410364"}],"wp:term":[{"taxonomy":"product_cat","embeddable":true,"href":"https:\/\/raktoras.lt\/ru\/wp-json\/wp\/v2\/product_cat?post=410364"},{"taxonomy":"product_tag","embeddable":true,"href":"https:\/\/raktoras.lt\/ru\/wp-json\/wp\/v2\/product_tag?post=410364"}],"curies":[{"name":"wp","href":"https:\/\/api.w.org\/{rel}","templated":true}]}}