{"id":410532,"date":"2025-08-18T17:30:15","date_gmt":"2025-08-18T17:30:15","guid":{"rendered":"https:\/\/raktoras.lt\/product\/repliu-fiksavimo-ziedams-rinkinys-4vnt\/"},"modified":"2026-03-03T17:04:02","modified_gmt":"2026-03-03T17:04:02","slug":"repliu-fiksavimo-ziedams-rinkinys-4vnt","status":"publish","type":"product","link":"https:\/\/raktoras.lt\/ru\/product\/repliu-fiksavimo-ziedams-rinkinys-4vnt\/","title":{"rendered":"Repli\u0173 fiksavimo \u017eiedams rinkinys 4vnt."},"content":{"rendered":"<p>L = 175 mm<br \/>\n\t1 vnt. Vidiniams \u017eiedams, tiesios. &Oslash; 10 &#8211; 50 mm<br \/>\n\t1 vnt. Vidiniams \u017eiedams, lenktos. &Oslash; 10 &#8211; 50 mm<br \/>\n\t1 vnt. I\u0161oriniams \u017eiedams, tiesios. &Oslash; 6 &#8211; 50 mm<br \/>\n\t1 vnt. I\u0161oriniams \u017eiedams, lenktos. &Oslash; 10 &#8211; 50 mm<br \/>\n\tCrV plienas<br \/>\n\tDIN 5254<\/p>","protected":false},"excerpt":{"rendered":"<p>L = 175 mm 1 vnt. Vidiniams \u017eiedams, tiesios. &Oslash; 10 &#8211; 50 mm 1 vnt. Vidiniams \u017eiedams, lenktos. &Oslash; 10 &#8211; 50 mm 1 vnt. I\u0161oriniams \u017eiedams, tiesios. &Oslash;<\/p>","protected":false},"featured_media":417186,"comment_status":"closed","ping_status":"closed","template":"","meta":[],"product_cat":[10287,11080,11085,11083],"product_tag":[],"class_list":{"0":"post-410532","1":"product","2":"type-product","3":"status-publish","4":"has-post-thumbnail","6":"product_brand-changlu-tools","7":"product_cat-prekiu-katalogas","8":"product_cat-rankiniai-irankiai","9":"product_cat-reples-ziedams-reples-zirkles-pjovimo-irankiai-rankiniai-irankiai","10":"product_cat-reples-zirkles-pjovimo-irankiai-rankiniai-irankiai","12":"first","13":"instock","14":"purchasable","15":"product-type-simple"},"jetpack_sharing_enabled":true,"_links":{"self":[{"href":"https:\/\/raktoras.lt\/ru\/wp-json\/wp\/v2\/product\/410532","targetHints":{"allow":["GET"]}}],"collection":[{"href":"https:\/\/raktoras.lt\/ru\/wp-json\/wp\/v2\/product"}],"about":[{"href":"https:\/\/raktoras.lt\/ru\/wp-json\/wp\/v2\/types\/product"}],"replies":[{"embeddable":true,"href":"https:\/\/raktoras.lt\/ru\/wp-json\/wp\/v2\/comments?post=410532"}],"version-history":[{"count":1,"href":"https:\/\/raktoras.lt\/ru\/wp-json\/wp\/v2\/product\/410532\/revisions"}],"predecessor-version":[{"id":410533,"href":"https:\/\/raktoras.lt\/ru\/wp-json\/wp\/v2\/product\/410532\/revisions\/410533"}],"wp:featuredmedia":[{"embeddable":true,"href":"https:\/\/raktoras.lt\/ru\/wp-json\/wp\/v2\/media\/417186"}],"wp:attachment":[{"href":"https:\/\/raktoras.lt\/ru\/wp-json\/wp\/v2\/media?parent=410532"}],"wp:term":[{"taxonomy":"product_cat","embeddable":true,"href":"https:\/\/raktoras.lt\/ru\/wp-json\/wp\/v2\/product_cat?post=410532"},{"taxonomy":"product_tag","embeddable":true,"href":"https:\/\/raktoras.lt\/ru\/wp-json\/wp\/v2\/product_tag?post=410532"}],"curies":[{"name":"wp","href":"https:\/\/api.w.org\/{rel}","templated":true}]}}