{"id":410544,"date":"2025-08-18T17:30:15","date_gmt":"2025-08-18T17:30:15","guid":{"rendered":"https:\/\/raktoras.lt\/product\/hidraulinis-presas-su-manometru-40t-kojinis\/"},"modified":"2025-11-16T13:36:31","modified_gmt":"2025-11-16T13:36:31","slug":"hidraulinis-presas-su-manometru-40t-kojinis","status":"publish","type":"product","link":"https:\/\/raktoras.lt\/ru\/product\/hidraulinis-presas-su-manometru-40t-kojinis\/","title":{"rendered":"Hidraulinis presas su manometru 40t, kojinis"},"content":{"rendered":"<p>Integruota st\u016bmoklio gr\u0105\u017einimo spyruokl\u0117<br \/>\n\tGerve reguliuojama preso darbin\u0117 zona<\/p>\n<p><strong>Prie\u0161 prad\u0117dami naudotis presu, b\u016btinai atlaisvinkite hidraulin\u0117s pompos alsuoklio var\u017et\u0105!<\/strong><\/p>","protected":false},"excerpt":{"rendered":"<p>Integruota st\u016bmoklio gr\u0105\u017einimo spyruokl\u0117 Gerve reguliuojama preso darbin\u0117 zona Prie\u0161 prad\u0117dami naudotis presu, b\u016btinai atlaisvinkite hidraulin\u0117s pompos alsuoklio var\u017et\u0105!<\/p>","protected":false},"featured_media":417192,"comment_status":"closed","ping_status":"closed","template":"","meta":[],"product_cat":[11131,11132,10287],"product_tag":[],"class_list":{"0":"post-410544","1":"product","2":"type-product","3":"status-publish","4":"has-post-thumbnail","6":"product_brand-tongli","7":"product_cat-hidrauline-iranga-prekiu-katalogas","8":"product_cat-hidrauliniai-presai","9":"product_cat-prekiu-katalogas","11":"first","12":"instock","13":"purchasable","14":"product-type-simple"},"jetpack_sharing_enabled":true,"_links":{"self":[{"href":"https:\/\/raktoras.lt\/ru\/wp-json\/wp\/v2\/product\/410544","targetHints":{"allow":["GET"]}}],"collection":[{"href":"https:\/\/raktoras.lt\/ru\/wp-json\/wp\/v2\/product"}],"about":[{"href":"https:\/\/raktoras.lt\/ru\/wp-json\/wp\/v2\/types\/product"}],"replies":[{"embeddable":true,"href":"https:\/\/raktoras.lt\/ru\/wp-json\/wp\/v2\/comments?post=410544"}],"version-history":[{"count":1,"href":"https:\/\/raktoras.lt\/ru\/wp-json\/wp\/v2\/product\/410544\/revisions"}],"predecessor-version":[{"id":410545,"href":"https:\/\/raktoras.lt\/ru\/wp-json\/wp\/v2\/product\/410544\/revisions\/410545"}],"wp:featuredmedia":[{"embeddable":true,"href":"https:\/\/raktoras.lt\/ru\/wp-json\/wp\/v2\/media\/417192"}],"wp:attachment":[{"href":"https:\/\/raktoras.lt\/ru\/wp-json\/wp\/v2\/media?parent=410544"}],"wp:term":[{"taxonomy":"product_cat","embeddable":true,"href":"https:\/\/raktoras.lt\/ru\/wp-json\/wp\/v2\/product_cat?post=410544"},{"taxonomy":"product_tag","embeddable":true,"href":"https:\/\/raktoras.lt\/ru\/wp-json\/wp\/v2\/product_tag?post=410544"}],"curies":[{"name":"wp","href":"https:\/\/api.w.org\/{rel}","templated":true}]}}