{"id":410602,"date":"2025-08-18T17:30:31","date_gmt":"2025-08-18T17:30:31","guid":{"rendered":"https:\/\/raktoras.lt\/product\/sandarinimo-ziedu-isemimo-idejimo-rinkinys-27vnt\/"},"modified":"2025-10-27T14:25:31","modified_gmt":"2025-10-27T14:25:31","slug":"sandarinimo-ziedu-isemimo-idejimo-rinkinys-27vnt","status":"publish","type":"product","link":"https:\/\/raktoras.lt\/ru\/product\/sandarinimo-ziedu-isemimo-idejimo-rinkinys-27vnt\/","title":{"rendered":"Sandarinimo \u017eied\u0173 i\u0161\u0117mimo \/ \u012fd\u0117jimo rinkinys 27vnt."},"content":{"rendered":"<p>Greitas ir paprastas panaudojimas tiek nu\u0117mimo, tiek montavimo darbams<br \/>\n\tIdealiai tinka alk\u016bniniam velenui ir kitiems sandarikliams<br \/>\n\tSu dviem skirtingo ilgio ir kampo nu\u0117mikliais<br \/>\n\tAnalogi\u0161kos prek\u0117s video:<\/p>\n<p><iframe allow=\"accelerometer; autoplay; encrypted-media; gyroscope; picture-in-picture\" allowfullscreen=\"\" frameborder=\"0\" height=\"315\" src=\"https:\/\/www.youtube.com\/embed\/wX3WKDK-wo8\" width=\"560\"><\/iframe><\/p>","protected":false},"excerpt":{"rendered":"<p>Greitas ir paprastas panaudojimas tiek nu\u0117mimo, tiek montavimo darbams Idealiai tinka alk\u016bniniam velenui ir kitiems sandarikliams Su dviem skirtingo ilgio ir kampo nu\u0117mikliais Analogi\u0161kos prek\u0117s video:<\/p>","protected":false},"featured_media":417221,"comment_status":"closed","ping_status":"open","template":"","meta":[],"product_cat":[11095,11257,10287],"product_tag":[],"class_list":{"0":"post-410602","1":"product","2":"type-product","3":"status-publish","4":"has-post-thumbnail","6":"product_brand-ellient-tools","7":"product_cat-autoservisu-iranga-prekiu-katalogas","8":"product_cat-irankiai-variklio-remontui","9":"product_cat-prekiu-katalogas","11":"first","12":"instock","13":"purchasable","14":"product-type-simple"},"jetpack_sharing_enabled":true,"_links":{"self":[{"href":"https:\/\/raktoras.lt\/ru\/wp-json\/wp\/v2\/product\/410602","targetHints":{"allow":["GET"]}}],"collection":[{"href":"https:\/\/raktoras.lt\/ru\/wp-json\/wp\/v2\/product"}],"about":[{"href":"https:\/\/raktoras.lt\/ru\/wp-json\/wp\/v2\/types\/product"}],"replies":[{"embeddable":true,"href":"https:\/\/raktoras.lt\/ru\/wp-json\/wp\/v2\/comments?post=410602"}],"version-history":[{"count":1,"href":"https:\/\/raktoras.lt\/ru\/wp-json\/wp\/v2\/product\/410602\/revisions"}],"predecessor-version":[{"id":410603,"href":"https:\/\/raktoras.lt\/ru\/wp-json\/wp\/v2\/product\/410602\/revisions\/410603"}],"wp:featuredmedia":[{"embeddable":true,"href":"https:\/\/raktoras.lt\/ru\/wp-json\/wp\/v2\/media\/417221"}],"wp:attachment":[{"href":"https:\/\/raktoras.lt\/ru\/wp-json\/wp\/v2\/media?parent=410602"}],"wp:term":[{"taxonomy":"product_cat","embeddable":true,"href":"https:\/\/raktoras.lt\/ru\/wp-json\/wp\/v2\/product_cat?post=410602"},{"taxonomy":"product_tag","embeddable":true,"href":"https:\/\/raktoras.lt\/ru\/wp-json\/wp\/v2\/product_tag?post=410602"}],"curies":[{"name":"wp","href":"https:\/\/api.w.org\/{rel}","templated":true}]}}