{"id":410610,"date":"2025-08-18T17:30:31","date_gmt":"2025-08-18T17:30:31","guid":{"rendered":"https:\/\/raktoras.lt\/product\/hidraulinis-presas-su-manometru-50t-kojinis\/"},"modified":"2025-11-16T13:35:26","modified_gmt":"2025-11-16T13:35:26","slug":"hidraulinis-presas-su-manometru-50t-kojinis","status":"publish","type":"product","link":"https:\/\/raktoras.lt\/ru\/product\/hidraulinis-presas-su-manometru-50t-kojinis\/","title":{"rendered":"Hidraulinis presas su manometru 50t, kojinis"},"content":{"rendered":"<p>\n\tGalia 50t<br \/>\n\tCilindro eiga 220mm<br \/>\n\tDarbin\u0117 zona 88 &#8211; 1068mm<br \/>\n\tValdymas kojinis ir rankinis<br \/>\n\tCilindras stumdomas \u012f \u0161onus<br \/>\n\tIntegruota st\u016bmoklio gr\u0105\u017einimo spyruokl\u0117<br \/>\n\tGerve reguliuojama preso darbin\u0117 zona<br \/>\n\tSuvirintos konstrukcijos r\u0117mas<br \/>\n\tPakuot\u0117s matmenys 2070x970x330mm<br \/>\n\tSvoris 264kg<br \/>\n\tCE atitiktis<\/p>\n<p>\n\t<strong>Prie\u0161 prad\u0117dami naudotis presu, b\u016btinai atlaisvinkite hidraulin\u0117s pompos alsuoklio var\u017et\u0105!<\/strong><\/p>","protected":false},"excerpt":{"rendered":"<p>Galia 50t Cilindro eiga 220mm Darbin\u0117 zona 88 &#8211; 1068mm Valdymas kojinis ir rankinis Cilindras stumdomas \u012f \u0161onus Integruota st\u016bmoklio gr\u0105\u017einimo spyruokl\u0117 Gerve reguliuojama preso darbin\u0117 zona Suvirintos konstrukcijos r\u0117mas<\/p>","protected":false},"featured_media":417225,"comment_status":"closed","ping_status":"closed","template":"","meta":[],"product_cat":[11131,11132,10287],"product_tag":[],"class_list":{"0":"post-410610","1":"product","2":"type-product","3":"status-publish","4":"has-post-thumbnail","6":"product_brand-tongli","7":"product_cat-hidrauline-iranga-prekiu-katalogas","8":"product_cat-hidrauliniai-presai","9":"product_cat-prekiu-katalogas","11":"first","12":"instock","13":"purchasable","14":"product-type-simple"},"jetpack_sharing_enabled":true,"_links":{"self":[{"href":"https:\/\/raktoras.lt\/ru\/wp-json\/wp\/v2\/product\/410610","targetHints":{"allow":["GET"]}}],"collection":[{"href":"https:\/\/raktoras.lt\/ru\/wp-json\/wp\/v2\/product"}],"about":[{"href":"https:\/\/raktoras.lt\/ru\/wp-json\/wp\/v2\/types\/product"}],"replies":[{"embeddable":true,"href":"https:\/\/raktoras.lt\/ru\/wp-json\/wp\/v2\/comments?post=410610"}],"version-history":[{"count":1,"href":"https:\/\/raktoras.lt\/ru\/wp-json\/wp\/v2\/product\/410610\/revisions"}],"predecessor-version":[{"id":410611,"href":"https:\/\/raktoras.lt\/ru\/wp-json\/wp\/v2\/product\/410610\/revisions\/410611"}],"wp:featuredmedia":[{"embeddable":true,"href":"https:\/\/raktoras.lt\/ru\/wp-json\/wp\/v2\/media\/417225"}],"wp:attachment":[{"href":"https:\/\/raktoras.lt\/ru\/wp-json\/wp\/v2\/media?parent=410610"}],"wp:term":[{"taxonomy":"product_cat","embeddable":true,"href":"https:\/\/raktoras.lt\/ru\/wp-json\/wp\/v2\/product_cat?post=410610"},{"taxonomy":"product_tag","embeddable":true,"href":"https:\/\/raktoras.lt\/ru\/wp-json\/wp\/v2\/product_tag?post=410610"}],"curies":[{"name":"wp","href":"https:\/\/api.w.org\/{rel}","templated":true}]}}