{"id":410612,"date":"2025-08-18T17:30:31","date_gmt":"2025-08-18T17:30:31","guid":{"rendered":"https:\/\/raktoras.lt\/product\/pneumatinis-hidraulinis-presas-su-manometru-50t\/"},"modified":"2026-01-03T01:00:52","modified_gmt":"2026-01-03T01:00:52","slug":"pneumatinis-hidraulinis-presas-su-manometru-50t","status":"publish","type":"product","link":"https:\/\/raktoras.lt\/ru\/product\/pneumatinis-hidraulinis-presas-su-manometru-50t\/","title":{"rendered":"Pneumatinis \/ hidraulinis presas su manometru 50t"},"content":{"rendered":"<p>\n\tGalia 50 t<br \/>\n\tEiga 220 mm<br \/>\n\tDarbin\u0117 zona 0 &#8211; 860 mm<br \/>\n\tValdymas pneumatinis ir rankinis<br \/>\n\tIntegruota st\u016bmoklio gr\u0105\u017einimo spyruokl\u0117<br \/>\n\tGerve reguliuojama preso darbin\u0117 zona<br \/>\n\tOro sl\u0117gis 8.5 bar<br \/>\n\tDarbinis sl\u0117gis 620 bar<br \/>\n\tSvoris 215 kg<br \/>\n\tCE atitiktis<br \/>\n\tPakuot\u0117s matmenys 940 x 400 x 1880 mm<\/p>\n<p>\t<strong>Prie\u0161 prad\u0117dami naudotis presu, b\u016btinai atlaisvinkite hidraulin\u0117s pompos alsuoklio var\u017et\u0105!<\/strong><\/p>","protected":false},"excerpt":{"rendered":"<p>Galia 50 t Eiga 220 mm Darbin\u0117 zona 0 &#8211; 860 mm Valdymas pneumatinis ir rankinis Integruota st\u016bmoklio gr\u0105\u017einimo spyruokl\u0117 Gerve reguliuojama preso darbin\u0117 zona Oro sl\u0117gis 8.5 bar Darbinis<\/p>","protected":false},"featured_media":417226,"comment_status":"closed","ping_status":"closed","template":"","meta":[],"product_cat":[11131,11132,10287],"product_tag":[],"class_list":{"0":"post-410612","1":"product","2":"type-product","3":"status-publish","4":"has-post-thumbnail","6":"product_brand-tongli","7":"product_cat-hidrauline-iranga-prekiu-katalogas","8":"product_cat-hidrauliniai-presai","9":"product_cat-prekiu-katalogas","11":"first","12":"outofstock","13":"purchasable","14":"product-type-simple"},"jetpack_sharing_enabled":true,"_links":{"self":[{"href":"https:\/\/raktoras.lt\/ru\/wp-json\/wp\/v2\/product\/410612","targetHints":{"allow":["GET"]}}],"collection":[{"href":"https:\/\/raktoras.lt\/ru\/wp-json\/wp\/v2\/product"}],"about":[{"href":"https:\/\/raktoras.lt\/ru\/wp-json\/wp\/v2\/types\/product"}],"replies":[{"embeddable":true,"href":"https:\/\/raktoras.lt\/ru\/wp-json\/wp\/v2\/comments?post=410612"}],"version-history":[{"count":1,"href":"https:\/\/raktoras.lt\/ru\/wp-json\/wp\/v2\/product\/410612\/revisions"}],"predecessor-version":[{"id":410613,"href":"https:\/\/raktoras.lt\/ru\/wp-json\/wp\/v2\/product\/410612\/revisions\/410613"}],"wp:featuredmedia":[{"embeddable":true,"href":"https:\/\/raktoras.lt\/ru\/wp-json\/wp\/v2\/media\/417226"}],"wp:attachment":[{"href":"https:\/\/raktoras.lt\/ru\/wp-json\/wp\/v2\/media?parent=410612"}],"wp:term":[{"taxonomy":"product_cat","embeddable":true,"href":"https:\/\/raktoras.lt\/ru\/wp-json\/wp\/v2\/product_cat?post=410612"},{"taxonomy":"product_tag","embeddable":true,"href":"https:\/\/raktoras.lt\/ru\/wp-json\/wp\/v2\/product_tag?post=410612"}],"curies":[{"name":"wp","href":"https:\/\/api.w.org\/{rel}","templated":true}]}}