{"id":410652,"date":"2025-08-18T17:30:40","date_gmt":"2025-08-18T17:30:40","guid":{"rendered":"https:\/\/raktoras.lt\/product\/hidrauline-stotele-750w-kojine\/"},"modified":"2025-11-16T12:53:29","modified_gmt":"2025-11-16T12:53:29","slug":"hidrauline-stotele-750w-kojine","status":"publish","type":"product","link":"https:\/\/raktoras.lt\/ru\/product\/hidrauline-stotele-750w-kojine\/","title":{"rendered":"Hidraulin\u0117 stotel\u0117 750W (kojin\u0117)"},"content":{"rendered":"<p>\n\t\u012etampa 220V, 50Hz<br \/>\n\tGalingumas 750W<br \/>\n\tTepalo talpa 7l<br \/>\n\tTepalo tek\u0117jimo greitis 0.9-5 l\/min<br \/>\n\tMax darbinis sl\u0117gis 70Mpa<br \/>\n\tMatmenys 360x285x480mm<br \/>\n\tSvoris 32kg<br \/>\n\tPakuot\u0117s matmenys 365 x 275 x 455 mm<br \/>\n\t&nbsp;<\/p>","protected":false},"excerpt":{"rendered":"<p>\u012etampa 220V, 50Hz Galingumas 750W Tepalo talpa 7l Tepalo tek\u0117jimo greitis 0.9-5 l\/min Max darbinis sl\u0117gis 70Mpa Matmenys 360x285x480mm Svoris 32kg Pakuot\u0117s matmenys 365 x 275 x 455 mm &nbsp;<\/p>","protected":false},"featured_media":417246,"comment_status":"closed","ping_status":"open","template":"","meta":[],"product_cat":[11131,11158,10287],"product_tag":[],"class_list":{"0":"post-410652","1":"product","2":"type-product","3":"status-publish","4":"has-post-thumbnail","6":"product_cat-hidrauline-iranga-prekiu-katalogas","7":"product_cat-hidraulines-pompos-hidraulines-stoteles-hidrauline-iranga-prekiu-katalogas","8":"product_cat-prekiu-katalogas","10":"first","11":"instock","12":"purchasable","13":"product-type-simple"},"jetpack_sharing_enabled":true,"_links":{"self":[{"href":"https:\/\/raktoras.lt\/ru\/wp-json\/wp\/v2\/product\/410652","targetHints":{"allow":["GET"]}}],"collection":[{"href":"https:\/\/raktoras.lt\/ru\/wp-json\/wp\/v2\/product"}],"about":[{"href":"https:\/\/raktoras.lt\/ru\/wp-json\/wp\/v2\/types\/product"}],"replies":[{"embeddable":true,"href":"https:\/\/raktoras.lt\/ru\/wp-json\/wp\/v2\/comments?post=410652"}],"version-history":[{"count":1,"href":"https:\/\/raktoras.lt\/ru\/wp-json\/wp\/v2\/product\/410652\/revisions"}],"predecessor-version":[{"id":410653,"href":"https:\/\/raktoras.lt\/ru\/wp-json\/wp\/v2\/product\/410652\/revisions\/410653"}],"wp:featuredmedia":[{"embeddable":true,"href":"https:\/\/raktoras.lt\/ru\/wp-json\/wp\/v2\/media\/417246"}],"wp:attachment":[{"href":"https:\/\/raktoras.lt\/ru\/wp-json\/wp\/v2\/media?parent=410652"}],"wp:term":[{"taxonomy":"product_cat","embeddable":true,"href":"https:\/\/raktoras.lt\/ru\/wp-json\/wp\/v2\/product_cat?post=410652"},{"taxonomy":"product_tag","embeddable":true,"href":"https:\/\/raktoras.lt\/ru\/wp-json\/wp\/v2\/product_tag?post=410652"}],"curies":[{"name":"wp","href":"https:\/\/api.w.org\/{rel}","templated":true}]}}