{"id":410724,"date":"2025-08-18T17:30:56","date_gmt":"2025-08-18T17:30:56","guid":{"rendered":"https:\/\/raktoras.lt\/product\/terksle-su-sarnyru-1-2-cl302804\/"},"modified":"2025-12-04T18:09:07","modified_gmt":"2025-12-04T18:09:07","slug":"terksle-su-sarnyru-1-2-cl302804","status":"publish","type":"product","link":"https:\/\/raktoras.lt\/ru\/product\/terksle-su-sarnyru-1-2-cl302804\/","title":{"rendered":"Terk\u0161l\u0117 su \u0161arnyru 1\/2&#8242; CL302804"},"content":{"rendered":"<p>\n\t72 dantukai<br \/>\n\tL = 250 mm<br \/>\n\tMetalin\u0117 rankena<br \/>\n\tCRV plienas<\/p>","protected":false},"excerpt":{"rendered":"<p>72 dantukai L = 250 mm Metalin\u0117 rankena CRV plienas<\/p>","protected":false},"featured_media":417282,"comment_status":"closed","ping_status":"closed","template":"","meta":[],"product_cat":[11216,11215,10287,11080],"product_tag":[],"class_list":{"0":"post-410724","1":"product","2":"type-product","3":"status-publish","4":"has-post-thumbnail","6":"product_brand-changlu-tools","7":"product_cat-1-2-galvutes-galvuciu-priedai-galvutes-adapteriai-rankiniai-irankiai","8":"product_cat-galvutes-adapteriai-rankiniai-irankiai","9":"product_cat-prekiu-katalogas","10":"product_cat-rankiniai-irankiai","12":"first","13":"instock","14":"purchasable","15":"product-type-simple"},"jetpack_sharing_enabled":true,"_links":{"self":[{"href":"https:\/\/raktoras.lt\/ru\/wp-json\/wp\/v2\/product\/410724","targetHints":{"allow":["GET"]}}],"collection":[{"href":"https:\/\/raktoras.lt\/ru\/wp-json\/wp\/v2\/product"}],"about":[{"href":"https:\/\/raktoras.lt\/ru\/wp-json\/wp\/v2\/types\/product"}],"replies":[{"embeddable":true,"href":"https:\/\/raktoras.lt\/ru\/wp-json\/wp\/v2\/comments?post=410724"}],"version-history":[{"count":1,"href":"https:\/\/raktoras.lt\/ru\/wp-json\/wp\/v2\/product\/410724\/revisions"}],"predecessor-version":[{"id":410725,"href":"https:\/\/raktoras.lt\/ru\/wp-json\/wp\/v2\/product\/410724\/revisions\/410725"}],"wp:featuredmedia":[{"embeddable":true,"href":"https:\/\/raktoras.lt\/ru\/wp-json\/wp\/v2\/media\/417282"}],"wp:attachment":[{"href":"https:\/\/raktoras.lt\/ru\/wp-json\/wp\/v2\/media?parent=410724"}],"wp:term":[{"taxonomy":"product_cat","embeddable":true,"href":"https:\/\/raktoras.lt\/ru\/wp-json\/wp\/v2\/product_cat?post=410724"},{"taxonomy":"product_tag","embeddable":true,"href":"https:\/\/raktoras.lt\/ru\/wp-json\/wp\/v2\/product_tag?post=410724"}],"curies":[{"name":"wp","href":"https:\/\/api.w.org\/{rel}","templated":true}]}}