{"id":410756,"date":"2025-08-18T17:31:09","date_gmt":"2025-08-18T17:31:09","guid":{"rendered":"https:\/\/raktoras.lt\/product\/reples-savarzoms-su-trosu-su-keiciamais-antgaliais\/"},"modified":"2025-10-27T18:51:09","modified_gmt":"2025-10-27T18:51:09","slug":"reples-savarzoms-su-trosu-su-keiciamais-antgaliais","status":"publish","type":"product","link":"https:\/\/raktoras.lt\/ru\/product\/reples-savarzoms-su-trosu-su-keiciamais-antgaliais\/","title":{"rendered":"Repl\u0117s s\u0105var\u017eoms su trosu (su kei\u010diamais antgaliais)"},"content":{"rendered":"<p>Trosas L=670mm<br \/>\n\tAntgalis standartinio tipo s\u0105var\u017eoms 3-52mm<br \/>\n\tAntgalis su dvigubu fiksavimu spyruokl\u0117s tipo s\u0105var\u017eoms<br \/>\n\tAntgalis su dvigubu fiksavimu sunkve\u017eimi\u0173 s\u0105var\u017eoms<\/p>","protected":false},"excerpt":{"rendered":"<p>Trosas L=670mm Antgalis standartinio tipo s\u0105var\u017eoms 3-52mm Antgalis su dvigubu fiksavimu spyruokl\u0117s tipo s\u0105var\u017eoms Antgalis su dvigubu fiksavimu sunkve\u017eimi\u0173 s\u0105var\u017eoms<\/p>","protected":false},"featured_media":417298,"comment_status":"closed","ping_status":"open","template":"","meta":[],"product_cat":[11095,10287,11105],"product_tag":[],"class_list":{"0":"post-410756","1":"product","2":"type-product","3":"status-publish","4":"has-post-thumbnail","6":"product_brand-ellient-tools","7":"product_cat-autoservisu-iranga-prekiu-katalogas","8":"product_cat-prekiu-katalogas","9":"product_cat-ziedu-suspaudejai-spec-reples-zarnu-uzspaudejai-autoservisu-iranga-prekiu-katalogas","11":"first","12":"instock","13":"purchasable","14":"product-type-simple"},"jetpack_sharing_enabled":true,"_links":{"self":[{"href":"https:\/\/raktoras.lt\/ru\/wp-json\/wp\/v2\/product\/410756","targetHints":{"allow":["GET"]}}],"collection":[{"href":"https:\/\/raktoras.lt\/ru\/wp-json\/wp\/v2\/product"}],"about":[{"href":"https:\/\/raktoras.lt\/ru\/wp-json\/wp\/v2\/types\/product"}],"replies":[{"embeddable":true,"href":"https:\/\/raktoras.lt\/ru\/wp-json\/wp\/v2\/comments?post=410756"}],"version-history":[{"count":1,"href":"https:\/\/raktoras.lt\/ru\/wp-json\/wp\/v2\/product\/410756\/revisions"}],"predecessor-version":[{"id":410757,"href":"https:\/\/raktoras.lt\/ru\/wp-json\/wp\/v2\/product\/410756\/revisions\/410757"}],"wp:featuredmedia":[{"embeddable":true,"href":"https:\/\/raktoras.lt\/ru\/wp-json\/wp\/v2\/media\/417298"}],"wp:attachment":[{"href":"https:\/\/raktoras.lt\/ru\/wp-json\/wp\/v2\/media?parent=410756"}],"wp:term":[{"taxonomy":"product_cat","embeddable":true,"href":"https:\/\/raktoras.lt\/ru\/wp-json\/wp\/v2\/product_cat?post=410756"},{"taxonomy":"product_tag","embeddable":true,"href":"https:\/\/raktoras.lt\/ru\/wp-json\/wp\/v2\/product_tag?post=410756"}],"curies":[{"name":"wp","href":"https:\/\/api.w.org\/{rel}","templated":true}]}}