{"id":410784,"date":"2025-08-18T17:31:19","date_gmt":"2025-08-18T17:31:19","guid":{"rendered":"https:\/\/raktoras.lt\/product\/l-tipo-sesiakampiu-torx-vidutiniu-raktu-rinkinys-9vnt-t10-t50-su-kiauryme\/"},"modified":"2025-12-06T17:30:37","modified_gmt":"2025-12-06T17:30:37","slug":"l-tipo-sesiakampiu-torx-vidutiniu-raktu-rinkinys-9vnt-t10-t50-su-kiauryme","status":"publish","type":"product","link":"https:\/\/raktoras.lt\/ru\/product\/l-tipo-sesiakampiu-torx-vidutiniu-raktu-rinkinys-9vnt-t10-t50-su-kiauryme\/","title":{"rendered":"L-tipo \u0161e\u0161iakampi\u0173 TORX vidutini\u0173 rakt\u0173 rinkinys 9vnt. (T10-T50) su kiauryme"},"content":{"rendered":"<p>Vidutinio ilgio raktai<br \/>\n\tTORX<br \/>\n\tT10,T15, T20, T25, T27, T30, T40, T45, T50<\/p>","protected":false},"excerpt":{"rendered":"<p>Vidutinio ilgio raktai TORX T10,T15, T20, T25, T27, T30, T40, T45, T50<\/p>","protected":false},"featured_media":417312,"comment_status":"closed","ping_status":"open","template":"","meta":[],"product_cat":[11289,10287,11080,11224],"product_tag":[],"class_list":{"0":"post-410784","1":"product","2":"type-product","3":"status-publish","4":"has-post-thumbnail","6":"product_brand-changlu-tools","7":"product_cat-l-ir-t-tipo-torx-spline-e-torx-verzliarakciai-rankiniai-irankiai","8":"product_cat-prekiu-katalogas","9":"product_cat-rankiniai-irankiai","10":"product_cat-verzliarakciai-rankiniai-irankiai","12":"first","13":"instock","14":"purchasable","15":"product-type-simple"},"jetpack_sharing_enabled":true,"_links":{"self":[{"href":"https:\/\/raktoras.lt\/ru\/wp-json\/wp\/v2\/product\/410784","targetHints":{"allow":["GET"]}}],"collection":[{"href":"https:\/\/raktoras.lt\/ru\/wp-json\/wp\/v2\/product"}],"about":[{"href":"https:\/\/raktoras.lt\/ru\/wp-json\/wp\/v2\/types\/product"}],"replies":[{"embeddable":true,"href":"https:\/\/raktoras.lt\/ru\/wp-json\/wp\/v2\/comments?post=410784"}],"version-history":[{"count":1,"href":"https:\/\/raktoras.lt\/ru\/wp-json\/wp\/v2\/product\/410784\/revisions"}],"predecessor-version":[{"id":410785,"href":"https:\/\/raktoras.lt\/ru\/wp-json\/wp\/v2\/product\/410784\/revisions\/410785"}],"wp:featuredmedia":[{"embeddable":true,"href":"https:\/\/raktoras.lt\/ru\/wp-json\/wp\/v2\/media\/417312"}],"wp:attachment":[{"href":"https:\/\/raktoras.lt\/ru\/wp-json\/wp\/v2\/media?parent=410784"}],"wp:term":[{"taxonomy":"product_cat","embeddable":true,"href":"https:\/\/raktoras.lt\/ru\/wp-json\/wp\/v2\/product_cat?post=410784"},{"taxonomy":"product_tag","embeddable":true,"href":"https:\/\/raktoras.lt\/ru\/wp-json\/wp\/v2\/product_tag?post=410784"}],"curies":[{"name":"wp","href":"https:\/\/api.w.org\/{rel}","templated":true}]}}