{"id":410882,"date":"2025-08-18T17:31:44","date_gmt":"2025-08-18T17:31:44","guid":{"rendered":"https:\/\/raktoras.lt\/product\/spyruokliu-suspaudeju-rinkinys-4vnt\/"},"modified":"2025-10-27T18:20:18","modified_gmt":"2025-10-27T18:20:18","slug":"spyruokliu-suspaudeju-rinkinys-4vnt","status":"publish","type":"product","link":"https:\/\/raktoras.lt\/ru\/product\/spyruokliu-suspaudeju-rinkinys-4vnt\/","title":{"rendered":"Spyruokli\u0173 suspaud\u0117j\u0173 rinkinys 4vnt."},"content":{"rendered":"<p><strong>Nesukama su sm\u016bginiais ver\u017eliasukiais!<\/strong><br \/>\n\tMax apkrova 1000 kg<br \/>\n\tMax darbin\u0117 eiga 300 mm<br \/>\n\tApkab\u0173 por\u0173 matmenys:<br \/>\n\tAuksin\u0117 &Oslash;65 &#8211; 125 mm<br \/>\n\tJuoda &Oslash;88 &#8211; 160 mm<br \/>\n\tSidabrin\u0117 &Oslash;126 &#8211; 212 mm<br \/>\n\tSvoris 14.0 kg<br \/>\n\tPakuot\u0117s matmenys 530 x 440 x 115 mm<\/p>","protected":false},"excerpt":{"rendered":"<p>Nesukama su sm\u016bginiais ver\u017eliasukiais! Max apkrova 1000 kg Max darbin\u0117 eiga 300 mm Apkab\u0173 por\u0173 matmenys: Auksin\u0117 &Oslash;65 &#8211; 125 mm Juoda &Oslash;88 &#8211; 160 mm Sidabrin\u0117 &Oslash;126 &#8211; 212<\/p>","protected":false},"featured_media":417361,"comment_status":"closed","ping_status":"open","template":"","meta":[],"product_cat":[11095,10287,11362],"product_tag":[],"class_list":{"0":"post-410882","1":"product","2":"type-product","3":"status-publish","4":"has-post-thumbnail","6":"product_cat-autoservisu-iranga-prekiu-katalogas","7":"product_cat-prekiu-katalogas","8":"product_cat-spyruokliu-suspaudejai-autoservisu-iranga-prekiu-katalogas","10":"first","11":"instock","12":"purchasable","13":"product-type-simple"},"jetpack_sharing_enabled":true,"_links":{"self":[{"href":"https:\/\/raktoras.lt\/ru\/wp-json\/wp\/v2\/product\/410882","targetHints":{"allow":["GET"]}}],"collection":[{"href":"https:\/\/raktoras.lt\/ru\/wp-json\/wp\/v2\/product"}],"about":[{"href":"https:\/\/raktoras.lt\/ru\/wp-json\/wp\/v2\/types\/product"}],"replies":[{"embeddable":true,"href":"https:\/\/raktoras.lt\/ru\/wp-json\/wp\/v2\/comments?post=410882"}],"version-history":[{"count":1,"href":"https:\/\/raktoras.lt\/ru\/wp-json\/wp\/v2\/product\/410882\/revisions"}],"predecessor-version":[{"id":410883,"href":"https:\/\/raktoras.lt\/ru\/wp-json\/wp\/v2\/product\/410882\/revisions\/410883"}],"wp:featuredmedia":[{"embeddable":true,"href":"https:\/\/raktoras.lt\/ru\/wp-json\/wp\/v2\/media\/417361"}],"wp:attachment":[{"href":"https:\/\/raktoras.lt\/ru\/wp-json\/wp\/v2\/media?parent=410882"}],"wp:term":[{"taxonomy":"product_cat","embeddable":true,"href":"https:\/\/raktoras.lt\/ru\/wp-json\/wp\/v2\/product_cat?post=410882"},{"taxonomy":"product_tag","embeddable":true,"href":"https:\/\/raktoras.lt\/ru\/wp-json\/wp\/v2\/product_tag?post=410882"}],"curies":[{"name":"wp","href":"https:\/\/api.w.org\/{rel}","templated":true}]}}