{"id":410956,"date":"2025-08-18T17:32:01","date_gmt":"2025-08-18T17:32:01","guid":{"rendered":"https:\/\/raktoras.lt\/product\/irankis-granatu-pusasiu-gumu-savarzoms-uzspausti-ir-nukirpti\/"},"modified":"2025-10-27T18:47:48","modified_gmt":"2025-10-27T18:47:48","slug":"irankis-granatu-pusasiu-gumu-savarzoms-uzspausti-ir-nukirpti","status":"publish","type":"product","link":"https:\/\/raktoras.lt\/ru\/product\/irankis-granatu-pusasiu-gumu-savarzoms-uzspausti-ir-nukirpti\/","title":{"rendered":"\u012erankis granat\u0173 pusa\u0161i\u0173 gum\u0173 s\u0105var\u017eoms u\u017espausti ir nukirpti"},"content":{"rendered":"<p>\n\t&lt;iframe width=&quot;560&quot; height=&quot;315&quot; src=&quot;https:\/\/www.youtube.com\/embed\/DDG6Zx8an9s?start=12&quot; frameborder=&quot;0&quot; allow=&quot;accelerometer; autoplay; encrypted-media; gyroscope; picture-in-picture&quot; allowfullscreen&gt;&lt;\/iframe&gt;<\/p>","protected":false},"excerpt":{"rendered":"<p>&lt;iframe width=&quot;560&quot; height=&quot;315&quot; src=&quot;https:\/\/www.youtube.com\/embed\/DDG6Zx8an9s?start=12&quot; frameborder=&quot;0&quot; allow=&quot;accelerometer; autoplay; encrypted-media; gyroscope; picture-in-picture&quot; allowfullscreen&gt;&lt;\/iframe&gt;<\/p>","protected":false},"featured_media":417398,"comment_status":"closed","ping_status":"closed","template":"","meta":[],"product_cat":[11095,10287,11105],"product_tag":[],"class_list":{"0":"post-410956","1":"product","2":"type-product","3":"status-publish","4":"has-post-thumbnail","6":"product_brand-ellient-tools","7":"product_cat-autoservisu-iranga-prekiu-katalogas","8":"product_cat-prekiu-katalogas","9":"product_cat-ziedu-suspaudejai-spec-reples-zarnu-uzspaudejai-autoservisu-iranga-prekiu-katalogas","11":"first","12":"outofstock","13":"purchasable","14":"product-type-simple"},"jetpack_sharing_enabled":true,"_links":{"self":[{"href":"https:\/\/raktoras.lt\/ru\/wp-json\/wp\/v2\/product\/410956","targetHints":{"allow":["GET"]}}],"collection":[{"href":"https:\/\/raktoras.lt\/ru\/wp-json\/wp\/v2\/product"}],"about":[{"href":"https:\/\/raktoras.lt\/ru\/wp-json\/wp\/v2\/types\/product"}],"replies":[{"embeddable":true,"href":"https:\/\/raktoras.lt\/ru\/wp-json\/wp\/v2\/comments?post=410956"}],"version-history":[{"count":1,"href":"https:\/\/raktoras.lt\/ru\/wp-json\/wp\/v2\/product\/410956\/revisions"}],"predecessor-version":[{"id":410957,"href":"https:\/\/raktoras.lt\/ru\/wp-json\/wp\/v2\/product\/410956\/revisions\/410957"}],"wp:featuredmedia":[{"embeddable":true,"href":"https:\/\/raktoras.lt\/ru\/wp-json\/wp\/v2\/media\/417398"}],"wp:attachment":[{"href":"https:\/\/raktoras.lt\/ru\/wp-json\/wp\/v2\/media?parent=410956"}],"wp:term":[{"taxonomy":"product_cat","embeddable":true,"href":"https:\/\/raktoras.lt\/ru\/wp-json\/wp\/v2\/product_cat?post=410956"},{"taxonomy":"product_tag","embeddable":true,"href":"https:\/\/raktoras.lt\/ru\/wp-json\/wp\/v2\/product_tag?post=410956"}],"curies":[{"name":"wp","href":"https:\/\/api.w.org\/{rel}","templated":true}]}}