{"id":411100,"date":"2025-08-18T17:32:41","date_gmt":"2025-08-18T17:32:41","guid":{"rendered":"https:\/\/raktoras.lt\/product\/raidziu-zymekliu-komplektas-3-mm-26vnt\/"},"modified":"2025-12-07T14:41:41","modified_gmt":"2025-12-07T14:41:41","slug":"raidziu-zymekliu-komplektas-3-mm-26vnt","status":"publish","type":"product","link":"https:\/\/raktoras.lt\/ru\/product\/raidziu-zymekliu-komplektas-3-mm-26vnt\/","title":{"rendered":"Raid\u017ei\u0173 \u017eymekli\u0173 komplektas 3 mm, 26vnt."},"content":{"rendered":"","protected":false},"excerpt":{"rendered":"","protected":false},"featured_media":417470,"comment_status":"closed","ping_status":"open","template":"","meta":[],"product_cat":[11367,10287,11478],"product_tag":[],"class_list":{"0":"post-411100","1":"product","2":"type-product","3":"status-publish","4":"has-post-thumbnail","6":"product_brand-changlu-tools","7":"product_cat-matavimo-ir-zymejimo-priemones-prekiu-katalogas","8":"product_cat-prekiu-katalogas","9":"product_cat-skaiciu-ir-raidziu-zymekliai-markeriai-piestukai-matavimo-ir-zymejimo-priemones-prekiu-katalogas","11":"first","12":"instock","13":"purchasable","14":"product-type-simple"},"jetpack_sharing_enabled":true,"_links":{"self":[{"href":"https:\/\/raktoras.lt\/ru\/wp-json\/wp\/v2\/product\/411100","targetHints":{"allow":["GET"]}}],"collection":[{"href":"https:\/\/raktoras.lt\/ru\/wp-json\/wp\/v2\/product"}],"about":[{"href":"https:\/\/raktoras.lt\/ru\/wp-json\/wp\/v2\/types\/product"}],"replies":[{"embeddable":true,"href":"https:\/\/raktoras.lt\/ru\/wp-json\/wp\/v2\/comments?post=411100"}],"version-history":[{"count":1,"href":"https:\/\/raktoras.lt\/ru\/wp-json\/wp\/v2\/product\/411100\/revisions"}],"predecessor-version":[{"id":411101,"href":"https:\/\/raktoras.lt\/ru\/wp-json\/wp\/v2\/product\/411100\/revisions\/411101"}],"wp:featuredmedia":[{"embeddable":true,"href":"https:\/\/raktoras.lt\/ru\/wp-json\/wp\/v2\/media\/417470"}],"wp:attachment":[{"href":"https:\/\/raktoras.lt\/ru\/wp-json\/wp\/v2\/media?parent=411100"}],"wp:term":[{"taxonomy":"product_cat","embeddable":true,"href":"https:\/\/raktoras.lt\/ru\/wp-json\/wp\/v2\/product_cat?post=411100"},{"taxonomy":"product_tag","embeddable":true,"href":"https:\/\/raktoras.lt\/ru\/wp-json\/wp\/v2\/product_tag?post=411100"}],"curies":[{"name":"wp","href":"https:\/\/api.w.org\/{rel}","templated":true}]}}