{"id":411146,"date":"2025-08-18T17:32:50","date_gmt":"2025-08-18T17:32:50","guid":{"rendered":"https:\/\/raktoras.lt\/product\/galvuciu-rink-1-45-32-1-2-25vnt-coline-sistema\/"},"modified":"2025-12-04T18:04:00","modified_gmt":"2025-12-04T18:04:00","slug":"galvuciu-rink-1-45-32-1-2-25vnt-coline-sistema","status":"publish","type":"product","link":"https:\/\/raktoras.lt\/ru\/product\/galvuciu-rink-1-45-32-1-2-25vnt-coline-sistema\/","title":{"rendered":"Galvu\u010di\u0173 rink. 1\/4&#8242;(5\/32&#8242;-1\/2&#8242;) (25vnt) (Colin\u0117 sistema)"},"content":{"rendered":"<p>10 vnt. 6-kamp\u0117 galvut\u0117 colin\u0117 5\/32, 3\/16, 7\/32, 1\/4, 9\/32, 5\/16, 11\/32, 3\/8, 7\/16, 1\/2&quot;<br \/>\n\t10 vnt. 6-kamp\u0117 prailginta galvut\u0117 colin\u0117 5\/32, 3\/16, 7\/32, 1\/4, 9\/32, 5\/16, 11\/32, 3\/8, 7\/16, 1\/2&quot;<br \/>\n\t5 vnt. Priedai:<br \/>\n\tProfesionali terk\u0161l\u0117<br \/>\n\tRankena<br \/>\n\tPrailgintojas 50 mm (2&quot;) ir 150 mm (6&quot;)<br \/>\n\tUniversali jungtis<\/p>","protected":false},"excerpt":{"rendered":"<p>10 vnt. 6-kamp\u0117 galvut\u0117 colin\u0117 5\/32, 3\/16, 7\/32, 1\/4, 9\/32, 5\/16, 11\/32, 3\/8, 7\/16, 1\/2&quot; 10 vnt. 6-kamp\u0117 prailginta galvut\u0117 colin\u0117 5\/32, 3\/16, 7\/32, 1\/4, 9\/32, 5\/16, 11\/32, 3\/8, 7\/16,<\/p>","protected":false},"featured_media":417493,"comment_status":"closed","ping_status":"closed","template":"","meta":[],"product_cat":[11317,11215,10287,11080],"product_tag":[],"class_list":{"0":"post-411146","1":"product","2":"type-product","3":"status-publish","4":"has-post-thumbnail","6":"product_brand-sata","7":"product_cat-1-4-galvuciu-rinkiniai-galvutes-adapteriai-rankiniai-irankiai","8":"product_cat-galvutes-adapteriai-rankiniai-irankiai","9":"product_cat-prekiu-katalogas","10":"product_cat-rankiniai-irankiai","12":"first","13":"instock","14":"purchasable","15":"product-type-simple"},"jetpack_sharing_enabled":true,"_links":{"self":[{"href":"https:\/\/raktoras.lt\/ru\/wp-json\/wp\/v2\/product\/411146","targetHints":{"allow":["GET"]}}],"collection":[{"href":"https:\/\/raktoras.lt\/ru\/wp-json\/wp\/v2\/product"}],"about":[{"href":"https:\/\/raktoras.lt\/ru\/wp-json\/wp\/v2\/types\/product"}],"replies":[{"embeddable":true,"href":"https:\/\/raktoras.lt\/ru\/wp-json\/wp\/v2\/comments?post=411146"}],"version-history":[{"count":1,"href":"https:\/\/raktoras.lt\/ru\/wp-json\/wp\/v2\/product\/411146\/revisions"}],"predecessor-version":[{"id":411147,"href":"https:\/\/raktoras.lt\/ru\/wp-json\/wp\/v2\/product\/411146\/revisions\/411147"}],"wp:featuredmedia":[{"embeddable":true,"href":"https:\/\/raktoras.lt\/ru\/wp-json\/wp\/v2\/media\/417493"}],"wp:attachment":[{"href":"https:\/\/raktoras.lt\/ru\/wp-json\/wp\/v2\/media?parent=411146"}],"wp:term":[{"taxonomy":"product_cat","embeddable":true,"href":"https:\/\/raktoras.lt\/ru\/wp-json\/wp\/v2\/product_cat?post=411146"},{"taxonomy":"product_tag","embeddable":true,"href":"https:\/\/raktoras.lt\/ru\/wp-json\/wp\/v2\/product_tag?post=411146"}],"curies":[{"name":"wp","href":"https:\/\/api.w.org\/{rel}","templated":true}]}}