{"id":411148,"date":"2025-08-18T17:32:50","date_gmt":"2025-08-18T17:32:50","guid":{"rendered":"https:\/\/raktoras.lt\/product\/purskiamas-silikonas-mannol-450ml\/"},"modified":"2025-12-07T16:27:46","modified_gmt":"2025-12-07T16:27:46","slug":"purskiamas-silikonas-mannol-450ml","status":"publish","type":"product","link":"https:\/\/raktoras.lt\/ru\/product\/purskiamas-silikonas-mannol-450ml\/","title":{"rendered":"Pur\u0161kiamas silikonas MANNOL 450ml"},"content":{"rendered":"<p>\n\tSilikonin\u0117 vanden\u012f atstumianti priemon\u0117 plastikui ir gumai, turinti izoliuojan\u010di\u0173, antifrikcini\u0173 ir apsaugini\u0173 pried\u0173. Skirtas efektyviam plastmasini\u0173 su metaliniais pavir\u0161iais sujungim\u0173 tepimui ir girg\u017edesio bei suskeld\u0117jim\u0173 \u0161alinimui. Atstato gumos elastingum\u0105, apsaugo duris ir baga\u017ein\u0117s dangt\u012f nuo u\u017e\u0161alimo \u017eiemos metu.<\/p>\n<p>\n\tPrie\u0161 naudojim\u0105 nuvalykite valom\u0105 pavir\u0161i\u0173. Prie\u0161 naudojim\u0105 gerai suplakite. Nepurk\u0161kite tiesiai ant plastikini\u0173 pavir\u0161i\u0173. U\u017etepkite ant sausos kempin\u0117s ar audinio ir atsargiai nuvalykite pavir\u0161i\u0173. Venkite tepti ant stiklo ar audinio pavir\u0161i\u0173. Nenaudokite ant vairo, pedal\u0173 ar dur\u0173 ranken\u0173.<br \/>\n\t&nbsp;<\/p>","protected":false},"excerpt":{"rendered":"<p>Silikonin\u0117 vanden\u012f atstumianti priemon\u0117 plastikui ir gumai, turinti izoliuojan\u010di\u0173, antifrikcini\u0173 ir apsaugini\u0173 pried\u0173. Skirtas efektyviam plastmasini\u0173 su metaliniais pavir\u0161iais sujungim\u0173 tepimui ir girg\u017edesio bei suskeld\u0117jim\u0173 \u0161alinimui. Atstato gumos elastingum\u0105, apsaugo<\/p>","protected":false},"featured_media":417494,"comment_status":"closed","ping_status":"open","template":"","meta":[],"product_cat":[11510,11180,10287],"product_tag":[],"class_list":{"0":"post-411148","1":"product","2":"type-product","3":"status-publish","4":"has-post-thumbnail","6":"product_brand-mannol","7":"product_cat-autochemija-alyvos-automobiliniai-priedai-ivairus-prekiu-katalogas","8":"product_cat-automobiliniai-priedai-ivairus-prekiu-katalogas","9":"product_cat-prekiu-katalogas","11":"first","12":"instock","13":"purchasable","14":"product-type-simple"},"jetpack_sharing_enabled":true,"_links":{"self":[{"href":"https:\/\/raktoras.lt\/ru\/wp-json\/wp\/v2\/product\/411148","targetHints":{"allow":["GET"]}}],"collection":[{"href":"https:\/\/raktoras.lt\/ru\/wp-json\/wp\/v2\/product"}],"about":[{"href":"https:\/\/raktoras.lt\/ru\/wp-json\/wp\/v2\/types\/product"}],"replies":[{"embeddable":true,"href":"https:\/\/raktoras.lt\/ru\/wp-json\/wp\/v2\/comments?post=411148"}],"version-history":[{"count":1,"href":"https:\/\/raktoras.lt\/ru\/wp-json\/wp\/v2\/product\/411148\/revisions"}],"predecessor-version":[{"id":411149,"href":"https:\/\/raktoras.lt\/ru\/wp-json\/wp\/v2\/product\/411148\/revisions\/411149"}],"wp:featuredmedia":[{"embeddable":true,"href":"https:\/\/raktoras.lt\/ru\/wp-json\/wp\/v2\/media\/417494"}],"wp:attachment":[{"href":"https:\/\/raktoras.lt\/ru\/wp-json\/wp\/v2\/media?parent=411148"}],"wp:term":[{"taxonomy":"product_cat","embeddable":true,"href":"https:\/\/raktoras.lt\/ru\/wp-json\/wp\/v2\/product_cat?post=411148"},{"taxonomy":"product_tag","embeddable":true,"href":"https:\/\/raktoras.lt\/ru\/wp-json\/wp\/v2\/product_tag?post=411148"}],"curies":[{"name":"wp","href":"https:\/\/api.w.org\/{rel}","templated":true}]}}